{"id":15,"date":"2023-06-12T21:59:58","date_gmt":"2023-06-12T19:59:58","guid":{"rendered":"https:\/\/okinawa-karate-moerfelden.org\/de\/?page_id=15"},"modified":"2025-08-28T12:48:02","modified_gmt":"2025-08-28T10:48:02","slug":"okinawa-karate-moerfelden","status":"publish","type":"page","link":"https:\/\/okinawa-karate-moerfelden.org\/de\/","title":{"rendered":"Startseite"},"content":{"rendered":"\n<h2 class=\"wp-block-heading has-text-align-center\">Willkommen auf Okinawa-Karate-M\u00f6rfelden<\/h2>\n\n\n\n<p><\/p>\n\n\n\n<figure class=\"wp-block-image alignright size-full is-resized\"><img loading=\"lazy\" decoding=\"async\" width=\"548\" height=\"548\" src=\"https:\/\/okinawa-karate-moerfelden.org\/de\/wp-content\/uploads\/sites\/2\/2023\/06\/logo.png\" alt=\"Okinawa-Karate-Moerfelden Logo\" class=\"wp-image-17\" style=\"width:284px;height:284px\" srcset=\"https:\/\/okinawa-karate-moerfelden.org\/de\/wp-content\/uploads\/sites\/2\/2023\/06\/logo.png 548w, https:\/\/okinawa-karate-moerfelden.org\/de\/wp-content\/uploads\/sites\/2\/2023\/06\/logo-300x300.png 300w, https:\/\/okinawa-karate-moerfelden.org\/de\/wp-content\/uploads\/sites\/2\/2023\/06\/logo-150x150.png 150w, https:\/\/okinawa-karate-moerfelden.org\/de\/wp-content\/uploads\/sites\/2\/2023\/06\/logo-60x60.png 60w\" sizes=\"auto, (max-width: 548px) 100vw, 548px\" \/><\/figure>\n\n\n\n<p><\/p>\n\n\n\n<p>Die Webseite Okinawa-Karate-M\u00f6rfelden dient als Informationsquelle f\u00fcr Interessierte rund um das Thema Shorin Ryu-Karate (<span id=\"su_tooltip_69e5a1b96fb99_button\" class=\"su-tooltip-button su-tooltip-button-outline-yes\" aria-describedby=\"su_tooltip_69e5a1b96fb99\" data-settings='{\"position\":\"top\",\"behavior\":\"hover\",\"hideDelay\":0}' tabindex=\"0\">\u5c11\u6797\u6d41)<sup><strong>\u24d8<\/strong><\/sup><\/span><span style=\"display:none;z-index:100\" id=\"su_tooltip_69e5a1b96fb99\" class=\"su-tooltip\" role=\"tooltip\"><span class=\"su-tooltip-inner su-tooltip-shadow-no\" style=\"z-index:100;background:#222222;color:#FFFFFF;font-size:16px;border-radius:5px;text-align:left;max-width:600px;line-height:1.25\"><span class=\"su-tooltip-title\">Kanji: \u5c11\u6797\u6d41 (Hiragana: \u3057\u3087\u3046\u308a\u3093 \u308a\u3085\u3046, Lautschrift: sh\u014drin ry\u016b)<\/span><span class=\"su-tooltip-content su-u-trim\">Schule des kleinen Waldes<\/span><\/span><span id=\"su_tooltip_69e5a1b96fb99_arrow\" class=\"su-tooltip-arrow\" style=\"z-index:100;background:#222222\" data-popper-arrow><\/span><\/span> und im speziellem den Stil Shorin Ryu Matsumura Kenpo (<span id=\"su_tooltip_69e5a1b96fc2c_button\" class=\"su-tooltip-button su-tooltip-button-outline-yes\" aria-describedby=\"su_tooltip_69e5a1b96fc2c\" data-settings='{\"position\":\"top\",\"behavior\":\"hover\",\"hideDelay\":0}' tabindex=\"0\">\u5c11\u6797\u6d41\u677e\u6751\u62f3\u6cd5)<sup><strong>\u24d8<\/strong><\/sup><\/span><span style=\"display:none;z-index:100\" id=\"su_tooltip_69e5a1b96fc2c\" class=\"su-tooltip\" role=\"tooltip\"><span class=\"su-tooltip-inner su-tooltip-shadow-no\" style=\"z-index:100;background:#222222;color:#FFFFFF;font-size:16px;border-radius:5px;text-align:left;max-width:600px;line-height:1.25\"><span class=\"su-tooltip-title\">Kanji: \u5c11\u6797\u6d41\u677e\u6751\u62f3\u6cd5 (Hiragana: \u3057\u3087\u3046\u308a\u3093 \u308a\u3085\u3046 \u307e\u3064\u3080\u3089 \u3051\u3093\u307d\u3046, Lautschrift: sh\u014drin ry\u016b matsumura kenp\u014d)<\/span><span class=\"su-tooltip-content su-u-trim\">Schule des kleinen Waldes, Faustlehre von Matsumura<\/span><\/span><span id=\"su_tooltip_69e5a1b96fc2c_arrow\" class=\"su-tooltip-arrow\" style=\"z-index:100;background:#222222\" data-popper-arrow><\/span><\/span> welcher in einem kleinen Dojo (<span id=\"su_tooltip_69e5a1b96fcb7_button\" class=\"su-tooltip-button su-tooltip-button-outline-yes\" aria-describedby=\"su_tooltip_69e5a1b96fcb7\" data-settings='{\"position\":\"top\",\"behavior\":\"hover\",\"hideDelay\":0}' tabindex=\"0\">\u9053\u5834)<sup><strong>\u24d8<\/strong><\/sup><\/span><span style=\"display:none;z-index:100\" id=\"su_tooltip_69e5a1b96fcb7\" class=\"su-tooltip\" role=\"tooltip\"><span class=\"su-tooltip-inner su-tooltip-shadow-no\" style=\"z-index:100;background:#222222;color:#FFFFFF;font-size:16px;border-radius:5px;text-align:left;max-width:600px;line-height:1.25\"><span class=\"su-tooltip-title\">Kanji: \u9053\u5834 (Hiragana: \u3069\u3046\u3058\u3087\u3046, Lautschrift: d\u014dj\u014d)<\/span><span class=\"su-tooltip-content su-u-trim\">Trainingsraum f\u00fcr die Kampfkunst<\/span><\/span><span id=\"su_tooltip_69e5a1b96fcb7_arrow\" class=\"su-tooltip-arrow\" style=\"z-index:100;background:#222222\" data-popper-arrow><\/span><\/span> in M\u00f6rfelden gelehrt wird.<\/p>\n\n\n\n<p class=\"has-text-align-left\">Karate (<span id=\"su_tooltip_69e5a1b96fd34_button\" class=\"su-tooltip-button su-tooltip-button-outline-yes\" aria-describedby=\"su_tooltip_69e5a1b96fd34\" data-settings='{\"position\":\"top\",\"behavior\":\"hover\",\"hideDelay\":0}' tabindex=\"0\">\u7a7a\u624b)<sup><strong>\u24d8<\/strong><\/sup><\/span><span style=\"display:none;z-index:100\" id=\"su_tooltip_69e5a1b96fd34\" class=\"su-tooltip\" role=\"tooltip\"><span class=\"su-tooltip-inner su-tooltip-shadow-no\" style=\"z-index:100;background:#222222;color:#FFFFFF;font-size:16px;border-radius:5px;text-align:left;max-width:500px;line-height:1.25\"><span class=\"su-tooltip-title\">Kanji: \u7a7a\u624b (Hiragana: \u304b\u3089\u3066, Lautschrift: karate)<\/span><span class=\"su-tooltip-content su-u-trim\">leere Hand, fr\u00fcher: chinesische Hand (\u5510\u624b)<\/span><\/span><span id=\"su_tooltip_69e5a1b96fd34_arrow\" class=\"su-tooltip-arrow\" style=\"z-index:100;background:#222222\" data-popper-arrow><\/span><\/span> l\u00e4sst sich heute grunds\u00e4tzlich in die okinawanischen und die japanischen Stilrichtungen unterteilen. Historisch gesehen stammen die japanischen Stilrichtungen von den okinawanischen ab und stellen somit eine modernisierte Form des urspr\u00fcnglich auf Okinawa entstandenen Karate dar.<\/p>\n\n\n\n<p>W\u00e4hrend sich die japanischen Stile mehr auf den Wettkampf, also auf den \u201eLeistungssport\u201c konzentrieren, so steht bei den okinawanischen Stilen die \u201eKampfkunst\u201c im Vordergrund. Der Fokus liegt hier auf der effektiven Selbstverteidigung, der urspr\u00fcnglichen Zielsetzung des Karate.<\/p>\n\n\n\n<p>Im Dojo in M\u00f6rfelden lehrt <a href=\"https:\/\/okinawa-karate-moerfelden.org\/de\/trainer\/#Alexandros_Kallidis\" target=\"_blank\" rel=\"noreferrer noopener\">Sensei Alexandros Kallidis<\/a> dieses urspr\u00fcngliche okinawanische Karate. Das Trainingsangebot selbst besteht offiziell seit 2019 in Form der <a href=\"https:\/\/skv-moerfelden.org\/sport\/skv-abteilung-karate\/\" target=\"_blank\" rel=\"noreferrer noopener\">Abteilung Karate im SKV M\u00f6rfelden<\/a>.<\/p>\n\n\n\n<p>Informationen zu den Trainingszeiten, Anmeldung und Kosten einer Mitgliedschaft sind auf der <a href=\"https:\/\/skv-moerfelden.org\/trainingszeiten-2\/\" target=\"_blank\" rel=\"noreferrer noopener\">offiziellen Seite des SKV-M\u00f6rfelden<\/a> zu finden, alles Rund um den Stil Matsumura Kenpo hier auf Okinawa-Karate-M\u00f6rfelden.<\/p>\n\n\n\n<p><\/p>\n","protected":false},"excerpt":{"rendered":"<p>Willkommen auf Okinawa-Karate-M\u00f6rfelden Die Webseite Okinawa-Karate-M\u00f6rfelden dient als Informationsquelle f\u00fcr Interessierte rund um das Thema Shorin Ryu-Karate ( und im speziellem den Stil Shorin Ryu Matsumura Kenpo ( welcher in einem kleinen Dojo ( in M\u00f6rfelden gelehrt wird. Karate ( l\u00e4sst sich heute grunds\u00e4tzlich in die okinawanischen und die japanischen Stilrichtungen unterteilen. Historisch gesehen stammen [&hellip;]<\/p>\n","protected":false},"author":1,"featured_media":0,"parent":0,"menu_order":0,"comment_status":"closed","ping_status":"closed","template":"","meta":{"site-sidebar-layout":"default","site-content-layout":"page-builder","ast-site-content-layout":"full-width-container","site-content-style":"unboxed","site-sidebar-style":"unboxed","ast-global-header-display":"","ast-banner-title-visibility":"","ast-main-header-display":"","ast-hfb-above-header-display":"","ast-hfb-below-header-display":"","ast-hfb-mobile-header-display":"","site-post-title":"","ast-breadcrumbs-content":"","ast-featured-img":"","footer-sml-layout":"","ast-disable-related-posts":"","theme-transparent-header-meta":"","adv-header-id-meta":"","stick-header-meta":"","header-above-stick-meta":"","header-main-stick-meta":"","header-below-stick-meta":"","astra-migrate-meta-layouts":"set","ast-page-background-enabled":"default","ast-page-background-meta":{"desktop":{"background-color":"var(--ast-global-color-4)","background-image":"","background-repeat":"repeat","background-position":"center center","background-size":"auto","background-attachment":"scroll","background-type":"","background-media":"","overlay-type":"","overlay-color":"","overlay-opacity":"","overlay-gradient":""},"tablet":{"background-color":"","background-image":"","background-repeat":"repeat","background-position":"center center","background-size":"auto","background-attachment":"scroll","background-type":"","background-media":"","overlay-type":"","overlay-color":"","overlay-opacity":"","overlay-gradient":""},"mobile":{"background-color":"","background-image":"","background-repeat":"repeat","background-position":"center center","background-size":"auto","background-attachment":"scroll","background-type":"","background-media":"","overlay-type":"","overlay-color":"","overlay-opacity":"","overlay-gradient":""}},"ast-content-background-meta":{"desktop":{"background-color":"var(--ast-global-color-5)","background-image":"","background-repeat":"repeat","background-position":"center center","background-size":"auto","background-attachment":"scroll","background-type":"","background-media":"","overlay-type":"","overlay-color":"","overlay-opacity":"","overlay-gradient":""},"tablet":{"background-color":"var(--ast-global-color-5)","background-image":"","background-repeat":"repeat","background-position":"center center","background-size":"auto","background-attachment":"scroll","background-type":"","background-media":"","overlay-type":"","overlay-color":"","overlay-opacity":"","overlay-gradient":""},"mobile":{"background-color":"var(--ast-global-color-5)","background-image":"","background-repeat":"repeat","background-position":"center center","background-size":"auto","background-attachment":"scroll","background-type":"","background-media":"","overlay-type":"","overlay-color":"","overlay-opacity":"","overlay-gradient":""}},"footnotes":""},"class_list":["post-15","page","type-page","status-publish","hentry"],"yoast_head":"<!-- This site is optimized with the Yoast SEO plugin v27.0 - https:\/\/yoast.com\/product\/yoast-seo-wordpress\/ -->\n<title>Startseite - Okinawa-Karate-M\u00f6rfelden Deutsch<\/title>\n<meta name=\"description\" content=\"Okinawa-Karate-M\u00f6rfelden, Shorin Ryu-Karate und speziell der Stil Shorin Ryu Matsumura Kenpo, Fokus auf effektive Selbstverteidigung\" \/>\n<meta name=\"robots\" content=\"index, follow, max-snippet:-1, max-image-preview:large, max-video-preview:-1\" \/>\n<link rel=\"canonical\" href=\"https:\/\/okinawa-karate-moerfelden.org\/de\/\" \/>\n<meta property=\"og:locale\" content=\"de_DE\" \/>\n<meta property=\"og:type\" content=\"article\" \/>\n<meta property=\"og:title\" content=\"Startseite - Okinawa-Karate-M\u00f6rfelden Deutsch\" \/>\n<meta property=\"og:description\" content=\"Okinawa-Karate-M\u00f6rfelden, Shorin Ryu-Karate und speziell der Stil Shorin Ryu Matsumura Kenpo, Fokus auf effektive Selbstverteidigung\" \/>\n<meta property=\"og:url\" content=\"https:\/\/okinawa-karate-moerfelden.org\/de\/\" \/>\n<meta property=\"og:site_name\" content=\"Okinawa-Karate-M\u00f6rfelden Deutsch\" \/>\n<meta property=\"article:modified_time\" content=\"2025-08-28T10:48:02+00:00\" \/>\n<meta property=\"og:image\" content=\"https:\/\/okinawa-karate-moerfelden.org\/de\/wp-content\/uploads\/sites\/2\/2023\/06\/logo.png\" \/>\n<meta name=\"twitter:card\" content=\"summary_large_image\" \/>\n<meta name=\"twitter:label1\" content=\"Gesch\u00e4tzte Lesezeit\" \/>\n\t<meta name=\"twitter:data1\" content=\"2\u00a0Minuten\" \/>\n<script type=\"application\/ld+json\" class=\"yoast-schema-graph\">{\"@context\":\"https:\/\/schema.org\",\"@graph\":[{\"@type\":\"WebPage\",\"@id\":\"https:\/\/okinawa-karate-moerfelden.org\/de\/\",\"url\":\"https:\/\/okinawa-karate-moerfelden.org\/de\/\",\"name\":\"Startseite - Okinawa-Karate-M\u00f6rfelden Deutsch\",\"isPartOf\":{\"@id\":\"https:\/\/okinawa-karate-moerfelden.org\/de\/#website\"},\"primaryImageOfPage\":{\"@id\":\"https:\/\/okinawa-karate-moerfelden.org\/de\/#primaryimage\"},\"image\":{\"@id\":\"https:\/\/okinawa-karate-moerfelden.org\/de\/#primaryimage\"},\"thumbnailUrl\":\"https:\/\/okinawa-karate-moerfelden.org\/de\/wp-content\/uploads\/sites\/2\/2023\/06\/logo.png\",\"datePublished\":\"2023-06-12T19:59:58+00:00\",\"dateModified\":\"2025-08-28T10:48:02+00:00\",\"description\":\"Okinawa-Karate-M\u00f6rfelden, Shorin Ryu-Karate und speziell der Stil Shorin Ryu Matsumura Kenpo, Fokus auf effektive Selbstverteidigung\",\"breadcrumb\":{\"@id\":\"https:\/\/okinawa-karate-moerfelden.org\/de\/#breadcrumb\"},\"inLanguage\":\"de\",\"potentialAction\":[{\"@type\":\"ReadAction\",\"target\":[\"https:\/\/okinawa-karate-moerfelden.org\/de\/\"]}]},{\"@type\":\"ImageObject\",\"inLanguage\":\"de\",\"@id\":\"https:\/\/okinawa-karate-moerfelden.org\/de\/#primaryimage\",\"url\":\"https:\/\/okinawa-karate-moerfelden.org\/de\/wp-content\/uploads\/sites\/2\/2023\/06\/logo.png\",\"contentUrl\":\"https:\/\/okinawa-karate-moerfelden.org\/de\/wp-content\/uploads\/sites\/2\/2023\/06\/logo.png\",\"width\":548,\"height\":548},{\"@type\":\"BreadcrumbList\",\"@id\":\"https:\/\/okinawa-karate-moerfelden.org\/de\/#breadcrumb\",\"itemListElement\":[{\"@type\":\"ListItem\",\"position\":1,\"name\":\"Home\",\"item\":\"https:\/\/okinawa-karate-moerfelden.org\/de\/\"},{\"@type\":\"ListItem\",\"position\":2,\"name\":\"Startseite\"}]},{\"@type\":\"WebSite\",\"@id\":\"https:\/\/okinawa-karate-moerfelden.org\/de\/#website\",\"url\":\"https:\/\/okinawa-karate-moerfelden.org\/de\/\",\"name\":\"Okinawa-Karate-M\u00f6rfelden Deutsch\",\"description\":\"Shorin Ryu Matsumura Kenpo\",\"publisher\":{\"@id\":\"https:\/\/okinawa-karate-moerfelden.org\/de\/#organization\"},\"potentialAction\":[{\"@type\":\"SearchAction\",\"target\":{\"@type\":\"EntryPoint\",\"urlTemplate\":\"https:\/\/okinawa-karate-moerfelden.org\/de\/?s={search_term_string}\"},\"query-input\":{\"@type\":\"PropertyValueSpecification\",\"valueRequired\":true,\"valueName\":\"search_term_string\"}}],\"inLanguage\":\"de\"},{\"@type\":\"Organization\",\"@id\":\"https:\/\/okinawa-karate-moerfelden.org\/de\/#organization\",\"name\":\"Okinawa-Karate-M\u00f6rfelden Deutsch\",\"url\":\"https:\/\/okinawa-karate-moerfelden.org\/de\/\",\"logo\":{\"@type\":\"ImageObject\",\"inLanguage\":\"de\",\"@id\":\"https:\/\/okinawa-karate-moerfelden.org\/de\/#\/schema\/logo\/image\/\",\"url\":\"https:\/\/okinawa-karate-moerfelden.org\/de\/wp-content\/uploads\/sites\/2\/2023\/06\/logo.png\",\"contentUrl\":\"https:\/\/okinawa-karate-moerfelden.org\/de\/wp-content\/uploads\/sites\/2\/2023\/06\/logo.png\",\"width\":548,\"height\":548,\"caption\":\"Okinawa-Karate-M\u00f6rfelden Deutsch\"},\"image\":{\"@id\":\"https:\/\/okinawa-karate-moerfelden.org\/de\/#\/schema\/logo\/image\/\"}}]}<\/script>\n<!-- \/ Yoast SEO plugin. -->","yoast_head_json":{"title":"Startseite - Okinawa-Karate-M\u00f6rfelden Deutsch","description":"Okinawa-Karate-M\u00f6rfelden, Shorin Ryu-Karate und speziell der Stil Shorin Ryu Matsumura Kenpo, Fokus auf effektive Selbstverteidigung","robots":{"index":"index","follow":"follow","max-snippet":"max-snippet:-1","max-image-preview":"max-image-preview:large","max-video-preview":"max-video-preview:-1"},"canonical":"https:\/\/okinawa-karate-moerfelden.org\/de\/","og_locale":"de_DE","og_type":"article","og_title":"Startseite - Okinawa-Karate-M\u00f6rfelden Deutsch","og_description":"Okinawa-Karate-M\u00f6rfelden, Shorin Ryu-Karate und speziell der Stil Shorin Ryu Matsumura Kenpo, Fokus auf effektive Selbstverteidigung","og_url":"https:\/\/okinawa-karate-moerfelden.org\/de\/","og_site_name":"Okinawa-Karate-M\u00f6rfelden Deutsch","article_modified_time":"2025-08-28T10:48:02+00:00","og_image":[{"url":"https:\/\/okinawa-karate-moerfelden.org\/de\/wp-content\/uploads\/sites\/2\/2023\/06\/logo.png","type":"","width":"","height":""}],"twitter_card":"summary_large_image","twitter_misc":{"Gesch\u00e4tzte Lesezeit":"2\u00a0Minuten"},"schema":{"@context":"https:\/\/schema.org","@graph":[{"@type":"WebPage","@id":"https:\/\/okinawa-karate-moerfelden.org\/de\/","url":"https:\/\/okinawa-karate-moerfelden.org\/de\/","name":"Startseite - Okinawa-Karate-M\u00f6rfelden Deutsch","isPartOf":{"@id":"https:\/\/okinawa-karate-moerfelden.org\/de\/#website"},"primaryImageOfPage":{"@id":"https:\/\/okinawa-karate-moerfelden.org\/de\/#primaryimage"},"image":{"@id":"https:\/\/okinawa-karate-moerfelden.org\/de\/#primaryimage"},"thumbnailUrl":"https:\/\/okinawa-karate-moerfelden.org\/de\/wp-content\/uploads\/sites\/2\/2023\/06\/logo.png","datePublished":"2023-06-12T19:59:58+00:00","dateModified":"2025-08-28T10:48:02+00:00","description":"Okinawa-Karate-M\u00f6rfelden, Shorin Ryu-Karate und speziell der Stil Shorin Ryu Matsumura Kenpo, Fokus auf effektive Selbstverteidigung","breadcrumb":{"@id":"https:\/\/okinawa-karate-moerfelden.org\/de\/#breadcrumb"},"inLanguage":"de","potentialAction":[{"@type":"ReadAction","target":["https:\/\/okinawa-karate-moerfelden.org\/de\/"]}]},{"@type":"ImageObject","inLanguage":"de","@id":"https:\/\/okinawa-karate-moerfelden.org\/de\/#primaryimage","url":"https:\/\/okinawa-karate-moerfelden.org\/de\/wp-content\/uploads\/sites\/2\/2023\/06\/logo.png","contentUrl":"https:\/\/okinawa-karate-moerfelden.org\/de\/wp-content\/uploads\/sites\/2\/2023\/06\/logo.png","width":548,"height":548},{"@type":"BreadcrumbList","@id":"https:\/\/okinawa-karate-moerfelden.org\/de\/#breadcrumb","itemListElement":[{"@type":"ListItem","position":1,"name":"Home","item":"https:\/\/okinawa-karate-moerfelden.org\/de\/"},{"@type":"ListItem","position":2,"name":"Startseite"}]},{"@type":"WebSite","@id":"https:\/\/okinawa-karate-moerfelden.org\/de\/#website","url":"https:\/\/okinawa-karate-moerfelden.org\/de\/","name":"Okinawa-Karate-M\u00f6rfelden Deutsch","description":"Shorin Ryu Matsumura Kenpo","publisher":{"@id":"https:\/\/okinawa-karate-moerfelden.org\/de\/#organization"},"potentialAction":[{"@type":"SearchAction","target":{"@type":"EntryPoint","urlTemplate":"https:\/\/okinawa-karate-moerfelden.org\/de\/?s={search_term_string}"},"query-input":{"@type":"PropertyValueSpecification","valueRequired":true,"valueName":"search_term_string"}}],"inLanguage":"de"},{"@type":"Organization","@id":"https:\/\/okinawa-karate-moerfelden.org\/de\/#organization","name":"Okinawa-Karate-M\u00f6rfelden Deutsch","url":"https:\/\/okinawa-karate-moerfelden.org\/de\/","logo":{"@type":"ImageObject","inLanguage":"de","@id":"https:\/\/okinawa-karate-moerfelden.org\/de\/#\/schema\/logo\/image\/","url":"https:\/\/okinawa-karate-moerfelden.org\/de\/wp-content\/uploads\/sites\/2\/2023\/06\/logo.png","contentUrl":"https:\/\/okinawa-karate-moerfelden.org\/de\/wp-content\/uploads\/sites\/2\/2023\/06\/logo.png","width":548,"height":548,"caption":"Okinawa-Karate-M\u00f6rfelden Deutsch"},"image":{"@id":"https:\/\/okinawa-karate-moerfelden.org\/de\/#\/schema\/logo\/image\/"}}]}},"_links":{"self":[{"href":"https:\/\/okinawa-karate-moerfelden.org\/de\/wp-json\/wp\/v2\/pages\/15","targetHints":{"allow":["GET"]}}],"collection":[{"href":"https:\/\/okinawa-karate-moerfelden.org\/de\/wp-json\/wp\/v2\/pages"}],"about":[{"href":"https:\/\/okinawa-karate-moerfelden.org\/de\/wp-json\/wp\/v2\/types\/page"}],"author":[{"embeddable":true,"href":"https:\/\/okinawa-karate-moerfelden.org\/de\/wp-json\/wp\/v2\/users\/1"}],"replies":[{"embeddable":true,"href":"https:\/\/okinawa-karate-moerfelden.org\/de\/wp-json\/wp\/v2\/comments?post=15"}],"version-history":[{"count":41,"href":"https:\/\/okinawa-karate-moerfelden.org\/de\/wp-json\/wp\/v2\/pages\/15\/revisions"}],"predecessor-version":[{"id":910,"href":"https:\/\/okinawa-karate-moerfelden.org\/de\/wp-json\/wp\/v2\/pages\/15\/revisions\/910"}],"wp:attachment":[{"href":"https:\/\/okinawa-karate-moerfelden.org\/de\/wp-json\/wp\/v2\/media?parent=15"}],"curies":[{"name":"wp","href":"https:\/\/api.w.org\/{rel}","templated":true}]}}