{"id":44,"date":"2023-06-15T07:24:27","date_gmt":"2023-06-15T05:24:27","guid":{"rendered":"https:\/\/okinawa-karate-moerfelden.org\/de\/?page_id=44"},"modified":"2026-02-27T23:35:39","modified_gmt":"2026-02-27T22:35:39","slug":"verband","status":"publish","type":"page","link":"https:\/\/okinawa-karate-moerfelden.org\/de\/verband\/","title":{"rendered":"Weltverband"},"content":{"rendered":"\n<p>Die Struktur unseres Weltverband der \u201eAll Okinawa Shorin Ryu Matsumura Kenpo Karate and Kobudo Association\u201c (<span id=\"su_tooltip_69e5d401bfabb_button\" class=\"su-tooltip-button su-tooltip-button-outline-yes\" aria-describedby=\"su_tooltip_69e5d401bfabb\" data-settings='{\"position\":\"top\",\"behavior\":\"hover\",\"hideDelay\":0}' tabindex=\"0\">\u6c96\u7e04 \u5c11\u6797\u6d41 \u677e\u6751\u62f3\u6cd5 \u7a7a\u624b \u53e4\u6b66\u9053 \u7dcf\u672c\u90e8)<sup><strong>\u24d8<\/strong><\/sup><\/span><span style=\"display:none;z-index:100\" id=\"su_tooltip_69e5d401bfabb\" class=\"su-tooltip\" role=\"tooltip\"><span class=\"su-tooltip-inner su-tooltip-shadow-no\" style=\"z-index:100;background:#222222;color:#FFFFFF;font-size:16px;border-radius:5px;text-align:left;max-width:600px;line-height:1.25\"><span class=\"su-tooltip-title\">Kanji: \u6c96\u7e04 \u5c11\u6797\u6d41 \u677e\u6751\u62f3\u6cd5 \u7a7a\u624b \u53e4\u6b66\u9053 \u7dcf\u672c\u90e8 (Hiragana: \u3057\u3087\u3046\u308a\u3093 \u308a\u3085\u3046 \u307e\u3064\u3080\u3089 \u3051\u3093\u307d\u3046 \u304b\u3089\u3066 \u3053\u3076\u3069\u3046 \u305d\u3046\u307b\u3093\u3076, Lautschrift: okinawa sh\u014drin ry\u016b matsumura kenp\u014d karate kobud\u014d s\u014d honbu)<\/span><span class=\"su-tooltip-content su-u-trim\">All Okinawa Sh\u014drin Ry\u016b Matsumura Kenp\u014d Karate and Kobud\u014d Association, Weltverband unseres Stils mit Tomosada Kuda als Pr\u00e4sident<\/span><\/span><span id=\"su_tooltip_69e5d401bfabb_arrow\" class=\"su-tooltip-arrow\" style=\"z-index:100;background:#222222\" data-popper-arrow><\/span><\/span> ist relativ kompakt und flach gehalten. Das Honbu-Dojo (<span id=\"su_tooltip_69e5d401bfb43_button\" class=\"su-tooltip-button su-tooltip-button-outline-yes\" aria-describedby=\"su_tooltip_69e5d401bfb43\" data-settings='{\"position\":\"top\",\"behavior\":\"hover\",\"hideDelay\":0}' tabindex=\"0\">\u672c\u90e8\u9053\u5834)<sup><strong>\u24d8<\/strong><\/sup><\/span><span style=\"display:none;z-index:100\" id=\"su_tooltip_69e5d401bfb43\" class=\"su-tooltip\" role=\"tooltip\"><span class=\"su-tooltip-inner su-tooltip-shadow-no\" style=\"z-index:100;background:#222222;color:#FFFFFF;font-size:16px;border-radius:5px;text-align:left;max-width:600px;line-height:1.25\"><span class=\"su-tooltip-title\">Kanji: \u672c\u90e8\u9053\u5834 (Hiragana: \u307b\u3093\u3076 \u3069\u3046\u3058\u3087\u3046, Lautschrift: honbu d\u014dj\u014d)<\/span><span class=\"su-tooltip-content su-u-trim\">Hauptquartier des Kampfkunst-Stils, d\u014dj\u014d = Trainingsraum f\u00fcr die Kampfkunst<\/span><\/span><span id=\"su_tooltip_69e5d401bfb43_arrow\" class=\"su-tooltip-arrow\" style=\"z-index:100;background:#222222\" data-popper-arrow><\/span><\/span> mit dem Namen \u201eKobukan\u201c(<span id=\"su_tooltip_69e5d401bfbb0_button\" class=\"su-tooltip-button su-tooltip-button-outline-yes\" aria-describedby=\"su_tooltip_69e5d401bfbb0\" data-settings='{\"position\":\"top\",\"behavior\":\"hover\",\"hideDelay\":0}' tabindex=\"0\">\u8208\u6b66\u9928)<sup><strong>\u24d8<\/strong><\/sup><\/span><span style=\"display:none;z-index:100\" id=\"su_tooltip_69e5d401bfbb0\" class=\"su-tooltip\" role=\"tooltip\"><span class=\"su-tooltip-inner su-tooltip-shadow-no\" style=\"z-index:100;background:#222222;color:#FFFFFF;font-size:16px;border-radius:5px;text-align:left;max-width:600px;line-height:1.25\"><span class=\"su-tooltip-title\">Kanji: \u8208\u6b66\u9928 (Hiragana: \u3053\u3046\u3076\u304b\u3093, Lautschrift: k\u014dbukan)<\/span><span class=\"su-tooltip-content su-u-trim\">Haus f\u00fcr interessierte Krieger, d\u014dj\u014d von Tomosada Kuda<\/span><\/span><span id=\"su_tooltip_69e5d401bfbb0_arrow\" class=\"su-tooltip-arrow\" style=\"z-index:100;background:#222222\" data-popper-arrow><\/span><\/span> liegt auf Okinawa in der Stadt Urazoe (<span id=\"su_tooltip_69e5d401bfc17_button\" class=\"su-tooltip-button su-tooltip-button-outline-yes\" aria-describedby=\"su_tooltip_69e5d401bfc17\" data-settings='{\"position\":\"top\",\"behavior\":\"hover\",\"hideDelay\":0}' tabindex=\"0\">\u6d66\u6dfb\u5e02)<sup><strong>\u24d8<\/strong><\/sup><\/span><span style=\"display:none;z-index:100\" id=\"su_tooltip_69e5d401bfc17\" class=\"su-tooltip\" role=\"tooltip\"><span class=\"su-tooltip-inner su-tooltip-shadow-no\" style=\"z-index:100;background:#222222;color:#FFFFFF;font-size:16px;border-radius:5px;text-align:left;max-width:600px;line-height:1.25\"><span class=\"su-tooltip-title\">Kanji: \u6d66\u6dfb\u5e02 (Hiragana: \u3046\u3089\u305e\u3048\u3057, Lautschrift: urazoe shi)<\/span><span class=\"su-tooltip-content su-u-trim\">Stadt auf Okinawa, n\u00f6rdlich von Naha<\/span><\/span><span id=\"su_tooltip_69e5d401bfc17_arrow\" class=\"su-tooltip-arrow\" style=\"z-index:100;background:#222222\" data-popper-arrow><\/span><\/span>. Gro\u00dfmeister Tomosada Kuda ist Leiter dieses Dojo und au\u00dferdem Pr\u00e4sident des Weltverbandes.<\/p>\n\n\n\n<p>Weitere Dojo verteilen sich \u00fcber Deutschland sowie die USA. Diese Regionen werden von mehreren Direktoren verwaltet. In der Region Europa fungieren Karl-Heinz Johna und Thomas Leonhard als europ\u00e4ische Verbandsdirektoren.<\/p>\n\n\n\n<div class=\"wp-block-columns is-layout-flex wp-container-core-columns-is-layout-28f84493 wp-block-columns-is-layout-flex\">\n<div class=\"wp-block-column is-layout-flow wp-block-column-is-layout-flow\">\n<figure class=\"wp-block-image aligncenter size-full\"><img loading=\"lazy\" decoding=\"async\" width=\"365\" height=\"641\" src=\"https:\/\/okinawa-karate-moerfelden.org\/de\/wp-content\/uploads\/sites\/2\/2023\/06\/sensei_thomas_leonhard_bischofsheim.jpg\" alt=\"\" class=\"wp-image-105\" srcset=\"https:\/\/okinawa-karate-moerfelden.org\/de\/wp-content\/uploads\/sites\/2\/2023\/06\/sensei_thomas_leonhard_bischofsheim.jpg 365w, https:\/\/okinawa-karate-moerfelden.org\/de\/wp-content\/uploads\/sites\/2\/2023\/06\/sensei_thomas_leonhard_bischofsheim-171x300.jpg 171w\" sizes=\"auto, (max-width: 365px) 100vw, 365px\" \/><figcaption class=\"wp-element-caption\"><em>Thomas Leonhard <br>7. Dan, Kyoshi, Shihan, <br>Dojoleiter und Haupttrainer Dojo-Bischofsheim<\/em><\/figcaption><\/figure>\n<\/div>\n\n\n\n<div class=\"wp-block-column is-layout-flow wp-block-column-is-layout-flow\">\n<figure class=\"wp-block-image aligncenter size-full is-resized\"><img loading=\"lazy\" decoding=\"async\" width=\"234\" height=\"641\" src=\"https:\/\/okinawa-karate-moerfelden.org\/de\/wp-content\/uploads\/sites\/2\/2023\/06\/sensei_karl_heinz_johna_landstuhl.png\" alt=\"\" class=\"wp-image-104\" style=\"width:240px;height:657px\" srcset=\"https:\/\/okinawa-karate-moerfelden.org\/de\/wp-content\/uploads\/sites\/2\/2023\/06\/sensei_karl_heinz_johna_landstuhl.png 234w, https:\/\/okinawa-karate-moerfelden.org\/de\/wp-content\/uploads\/sites\/2\/2023\/06\/sensei_karl_heinz_johna_landstuhl-110x300.png 110w\" sizes=\"auto, (max-width: 234px) 100vw, 234px\" \/><figcaption class=\"wp-element-caption\"><em>Karl-Heinz Johna <br>7. Dan, Kyoshi, Shihan, <br>Dojoleiter und Haupttrainer Dojo-Landstuhl<\/em><\/figcaption><\/figure>\n<\/div>\n<\/div>\n\n\n\n<p><\/p>\n\n\n\n<p>Der Vorteil dieser einfachen Verbandsstruktur liegt darin, dass Gro\u00dfmeister Tomosada Kuda seine direkten und indirekten Sch\u00fcler regelm\u00e4\u00dfig und pers\u00f6nlich auf Seminaren unterrichten kann und so eine stetige Weiterbildung gew\u00e4hrleistet ist.<br><br>In der Region Europa gibt es derzeit vier Dojo, die alle in Deutschland liegen:<\/p>\n\n\n\n<p>Den <a href=\"https:\/\/www.shorin-ryu-karate.de\/\" target=\"_blank\" rel=\"noreferrer noopener\">Karateverein Landstuhl e.V.<\/a> unter Leitung von Karl-Heinz Johna (gegr\u00fcndet in den 1970er Jahren von Peter K\u00f6nig und Werner Klein), den <a href=\"https:\/\/karate-bischofsheim.de\/\" target=\"_blank\" rel=\"noreferrer noopener\">Karate-Verein Bischofsheim<\/a> (gegr\u00fcndet im Jahr 1998 von Thomas Leonhard) sowie das 2018 durch <a href=\"https:\/\/okinawa-karate-moerfelden.org\/de\/trainer\/\" target=\"_blank\" rel=\"noreferrer noopener\">Alexandros Kallidis<\/a> (Sch\u00fcler von Thomas Leonhard aus Bischofsheim) gegr\u00fcndete <a href=\"https:\/\/okinawa-karate-moerfelden.org\/de\/\" target=\"_blank\" rel=\"noreferrer noopener\">Dojo in M\u00f6rfelden<\/a>. Zuletzt wurde 2025 durch Eric Leifke, Sch\u00fcler von Thomas Leonhard aus Bischofsheim, das <a href=\"https:\/\/tv-laubenheim.de\/sportarten\/karate\/\" target=\"_blank\" rel=\"noreferrer noopener\">Dojo in Mainz<\/a> beim TV Laubenheim gegr\u00fcndet.<\/p>\n\n\n\n<figure class=\"wp-block-image aligncenter size-large is-resized\"><a href=\"https:\/\/okinawa-karate-moerfelden.org\/de\/wp-content\/uploads\/sites\/2\/2026\/02\/Deutschland_Dojos_neu_neu.png\"><img loading=\"lazy\" decoding=\"async\" width=\"767\" height=\"1024\" src=\"https:\/\/okinawa-karate-moerfelden.org\/de\/wp-content\/uploads\/sites\/2\/2026\/02\/Deutschland_Dojos_neu_neu-767x1024.png\" alt=\"\" class=\"wp-image-916\" style=\"width:471px;height:629px\" srcset=\"https:\/\/okinawa-karate-moerfelden.org\/de\/wp-content\/uploads\/sites\/2\/2026\/02\/Deutschland_Dojos_neu_neu-767x1024.png 767w, https:\/\/okinawa-karate-moerfelden.org\/de\/wp-content\/uploads\/sites\/2\/2026\/02\/Deutschland_Dojos_neu_neu-225x300.png 225w, https:\/\/okinawa-karate-moerfelden.org\/de\/wp-content\/uploads\/sites\/2\/2026\/02\/Deutschland_Dojos_neu_neu-768x1026.png 768w, https:\/\/okinawa-karate-moerfelden.org\/de\/wp-content\/uploads\/sites\/2\/2026\/02\/Deutschland_Dojos_neu_neu-1150x1536.png 1150w, https:\/\/okinawa-karate-moerfelden.org\/de\/wp-content\/uploads\/sites\/2\/2026\/02\/Deutschland_Dojos_neu_neu.png 1290w\" sizes=\"auto, (max-width: 767px) 100vw, 767px\" \/><\/a><figcaption class=\"wp-element-caption\">Matsumura Kenpo Dojos in Deutschland: Landstuhl, Bischofsheim, M\u00f6rfelden, Laubenheim<\/figcaption><\/figure>\n","protected":false},"excerpt":{"rendered":"<p>Die Struktur unseres Weltverband der \u201eAll Okinawa Shorin Ryu Matsumura Kenpo Karate and Kobudo Association\u201c ( ist relativ kompakt und flach gehalten. Das Honbu-Dojo ( mit dem Namen \u201eKobukan\u201c( liegt auf Okinawa in der Stadt Urazoe (. Gro\u00dfmeister Tomosada Kuda ist Leiter dieses Dojo und au\u00dferdem Pr\u00e4sident des Weltverbandes. Weitere Dojo verteilen sich \u00fcber Deutschland [&hellip;]<\/p>\n","protected":false},"author":1,"featured_media":0,"parent":0,"menu_order":0,"comment_status":"closed","ping_status":"closed","template":"","meta":{"site-sidebar-layout":"default","site-content-layout":"","ast-site-content-layout":"default","site-content-style":"default","site-sidebar-style":"default","ast-global-header-display":"","ast-banner-title-visibility":"","ast-main-header-display":"","ast-hfb-above-header-display":"","ast-hfb-below-header-display":"","ast-hfb-mobile-header-display":"","site-post-title":"","ast-breadcrumbs-content":"","ast-featured-img":"","footer-sml-layout":"","ast-disable-related-posts":"","theme-transparent-header-meta":"","adv-header-id-meta":"","stick-header-meta":"","header-above-stick-meta":"","header-main-stick-meta":"","header-below-stick-meta":"","astra-migrate-meta-layouts":"set","ast-page-background-enabled":"default","ast-page-background-meta":{"desktop":{"background-color":"var(--ast-global-color-4)","background-image":"","background-repeat":"repeat","background-position":"center center","background-size":"auto","background-attachment":"scroll","background-type":"","background-media":"","overlay-type":"","overlay-color":"","overlay-opacity":"","overlay-gradient":""},"tablet":{"background-color":"","background-image":"","background-repeat":"repeat","background-position":"center center","background-size":"auto","background-attachment":"scroll","background-type":"","background-media":"","overlay-type":"","overlay-color":"","overlay-opacity":"","overlay-gradient":""},"mobile":{"background-color":"","background-image":"","background-repeat":"repeat","background-position":"center center","background-size":"auto","background-attachment":"scroll","background-type":"","background-media":"","overlay-type":"","overlay-color":"","overlay-opacity":"","overlay-gradient":""}},"ast-content-background-meta":{"desktop":{"background-color":"var(--ast-global-color-5)","background-image":"","background-repeat":"repeat","background-position":"center center","background-size":"auto","background-attachment":"scroll","background-type":"","background-media":"","overlay-type":"","overlay-color":"","overlay-opacity":"","overlay-gradient":""},"tablet":{"background-color":"var(--ast-global-color-5)","background-image":"","background-repeat":"repeat","background-position":"center center","background-size":"auto","background-attachment":"scroll","background-type":"","background-media":"","overlay-type":"","overlay-color":"","overlay-opacity":"","overlay-gradient":""},"mobile":{"background-color":"var(--ast-global-color-5)","background-image":"","background-repeat":"repeat","background-position":"center center","background-size":"auto","background-attachment":"scroll","background-type":"","background-media":"","overlay-type":"","overlay-color":"","overlay-opacity":"","overlay-gradient":""}},"footnotes":""},"class_list":["post-44","page","type-page","status-publish","hentry"],"yoast_head":"<!-- This site is optimized with the Yoast SEO plugin v27.0 - https:\/\/yoast.com\/product\/yoast-seo-wordpress\/ -->\n<title>Weltverband - Okinawa-Karate-M\u00f6rfelden Deutsch<\/title>\n<meta name=\"robots\" content=\"index, follow, max-snippet:-1, max-image-preview:large, max-video-preview:-1\" \/>\n<link rel=\"canonical\" href=\"https:\/\/okinawa-karate-moerfelden.org\/de\/verband\/\" \/>\n<meta property=\"og:locale\" content=\"de_DE\" \/>\n<meta property=\"og:type\" content=\"article\" \/>\n<meta property=\"og:title\" content=\"Weltverband - Okinawa-Karate-M\u00f6rfelden Deutsch\" \/>\n<meta property=\"og:description\" content=\"Die Struktur unseres Weltverband der \u201eAll Okinawa Shorin Ryu Matsumura Kenpo Karate and Kobudo Association\u201c ( ist relativ kompakt und flach gehalten. Das Honbu-Dojo ( mit dem Namen \u201eKobukan\u201c( liegt auf Okinawa in der Stadt Urazoe (. Gro\u00dfmeister Tomosada Kuda ist Leiter dieses Dojo und au\u00dferdem Pr\u00e4sident des Weltverbandes. Weitere Dojo verteilen sich \u00fcber Deutschland [&hellip;]\" \/>\n<meta property=\"og:url\" content=\"https:\/\/okinawa-karate-moerfelden.org\/de\/verband\/\" \/>\n<meta property=\"og:site_name\" content=\"Okinawa-Karate-M\u00f6rfelden Deutsch\" \/>\n<meta property=\"article:modified_time\" content=\"2026-02-27T22:35:39+00:00\" \/>\n<meta property=\"og:image\" content=\"https:\/\/okinawa-karate-moerfelden.org\/de\/wp-content\/uploads\/sites\/2\/2023\/06\/sensei_thomas_leonhard_bischofsheim.jpg\" \/>\n\t<meta property=\"og:image:width\" content=\"365\" \/>\n\t<meta property=\"og:image:height\" content=\"641\" \/>\n\t<meta property=\"og:image:type\" content=\"image\/jpeg\" \/>\n<meta name=\"twitter:card\" content=\"summary_large_image\" \/>\n<meta name=\"twitter:label1\" content=\"Gesch\u00e4tzte Lesezeit\" \/>\n\t<meta name=\"twitter:data1\" content=\"3\u00a0Minuten\" \/>\n<script type=\"application\/ld+json\" class=\"yoast-schema-graph\">{\"@context\":\"https:\/\/schema.org\",\"@graph\":[{\"@type\":\"WebPage\",\"@id\":\"https:\/\/okinawa-karate-moerfelden.org\/de\/verband\/\",\"url\":\"https:\/\/okinawa-karate-moerfelden.org\/de\/verband\/\",\"name\":\"Weltverband - Okinawa-Karate-M\u00f6rfelden Deutsch\",\"isPartOf\":{\"@id\":\"https:\/\/okinawa-karate-moerfelden.org\/de\/#website\"},\"primaryImageOfPage\":{\"@id\":\"https:\/\/okinawa-karate-moerfelden.org\/de\/verband\/#primaryimage\"},\"image\":{\"@id\":\"https:\/\/okinawa-karate-moerfelden.org\/de\/verband\/#primaryimage\"},\"thumbnailUrl\":\"https:\/\/okinawa-karate-moerfelden.org\/de\/wp-content\/uploads\/sites\/2\/2023\/06\/sensei_thomas_leonhard_bischofsheim.jpg\",\"datePublished\":\"2023-06-15T05:24:27+00:00\",\"dateModified\":\"2026-02-27T22:35:39+00:00\",\"breadcrumb\":{\"@id\":\"https:\/\/okinawa-karate-moerfelden.org\/de\/verband\/#breadcrumb\"},\"inLanguage\":\"de\",\"potentialAction\":[{\"@type\":\"ReadAction\",\"target\":[\"https:\/\/okinawa-karate-moerfelden.org\/de\/verband\/\"]}]},{\"@type\":\"ImageObject\",\"inLanguage\":\"de\",\"@id\":\"https:\/\/okinawa-karate-moerfelden.org\/de\/verband\/#primaryimage\",\"url\":\"https:\/\/okinawa-karate-moerfelden.org\/de\/wp-content\/uploads\/sites\/2\/2023\/06\/sensei_thomas_leonhard_bischofsheim.jpg\",\"contentUrl\":\"https:\/\/okinawa-karate-moerfelden.org\/de\/wp-content\/uploads\/sites\/2\/2023\/06\/sensei_thomas_leonhard_bischofsheim.jpg\",\"width\":365,\"height\":641,\"caption\":\"Thomas Leonhard 7. Dan, Kyoshi, Shihan, Dojoleiter und Haupttrainer Dojo-Bischofsheim\"},{\"@type\":\"BreadcrumbList\",\"@id\":\"https:\/\/okinawa-karate-moerfelden.org\/de\/verband\/#breadcrumb\",\"itemListElement\":[{\"@type\":\"ListItem\",\"position\":1,\"name\":\"Home\",\"item\":\"https:\/\/okinawa-karate-moerfelden.org\/de\/\"},{\"@type\":\"ListItem\",\"position\":2,\"name\":\"Weltverband\"}]},{\"@type\":\"WebSite\",\"@id\":\"https:\/\/okinawa-karate-moerfelden.org\/de\/#website\",\"url\":\"https:\/\/okinawa-karate-moerfelden.org\/de\/\",\"name\":\"Okinawa-Karate-M\u00f6rfelden Deutsch\",\"description\":\"Shorin Ryu Matsumura Kenpo\",\"publisher\":{\"@id\":\"https:\/\/okinawa-karate-moerfelden.org\/de\/#organization\"},\"potentialAction\":[{\"@type\":\"SearchAction\",\"target\":{\"@type\":\"EntryPoint\",\"urlTemplate\":\"https:\/\/okinawa-karate-moerfelden.org\/de\/?s={search_term_string}\"},\"query-input\":{\"@type\":\"PropertyValueSpecification\",\"valueRequired\":true,\"valueName\":\"search_term_string\"}}],\"inLanguage\":\"de\"},{\"@type\":\"Organization\",\"@id\":\"https:\/\/okinawa-karate-moerfelden.org\/de\/#organization\",\"name\":\"Okinawa-Karate-M\u00f6rfelden Deutsch\",\"url\":\"https:\/\/okinawa-karate-moerfelden.org\/de\/\",\"logo\":{\"@type\":\"ImageObject\",\"inLanguage\":\"de\",\"@id\":\"https:\/\/okinawa-karate-moerfelden.org\/de\/#\/schema\/logo\/image\/\",\"url\":\"https:\/\/okinawa-karate-moerfelden.org\/de\/wp-content\/uploads\/sites\/2\/2023\/06\/logo.png\",\"contentUrl\":\"https:\/\/okinawa-karate-moerfelden.org\/de\/wp-content\/uploads\/sites\/2\/2023\/06\/logo.png\",\"width\":548,\"height\":548,\"caption\":\"Okinawa-Karate-M\u00f6rfelden Deutsch\"},\"image\":{\"@id\":\"https:\/\/okinawa-karate-moerfelden.org\/de\/#\/schema\/logo\/image\/\"}}]}<\/script>\n<!-- \/ Yoast SEO plugin. -->","yoast_head_json":{"title":"Weltverband - Okinawa-Karate-M\u00f6rfelden Deutsch","robots":{"index":"index","follow":"follow","max-snippet":"max-snippet:-1","max-image-preview":"max-image-preview:large","max-video-preview":"max-video-preview:-1"},"canonical":"https:\/\/okinawa-karate-moerfelden.org\/de\/verband\/","og_locale":"de_DE","og_type":"article","og_title":"Weltverband - Okinawa-Karate-M\u00f6rfelden Deutsch","og_description":"Die Struktur unseres Weltverband der \u201eAll Okinawa Shorin Ryu Matsumura Kenpo Karate and Kobudo Association\u201c ( ist relativ kompakt und flach gehalten. Das Honbu-Dojo ( mit dem Namen \u201eKobukan\u201c( liegt auf Okinawa in der Stadt Urazoe (. Gro\u00dfmeister Tomosada Kuda ist Leiter dieses Dojo und au\u00dferdem Pr\u00e4sident des Weltverbandes. Weitere Dojo verteilen sich \u00fcber Deutschland [&hellip;]","og_url":"https:\/\/okinawa-karate-moerfelden.org\/de\/verband\/","og_site_name":"Okinawa-Karate-M\u00f6rfelden Deutsch","article_modified_time":"2026-02-27T22:35:39+00:00","og_image":[{"width":365,"height":641,"url":"https:\/\/okinawa-karate-moerfelden.org\/de\/wp-content\/uploads\/sites\/2\/2023\/06\/sensei_thomas_leonhard_bischofsheim.jpg","type":"image\/jpeg"}],"twitter_card":"summary_large_image","twitter_misc":{"Gesch\u00e4tzte Lesezeit":"3\u00a0Minuten"},"schema":{"@context":"https:\/\/schema.org","@graph":[{"@type":"WebPage","@id":"https:\/\/okinawa-karate-moerfelden.org\/de\/verband\/","url":"https:\/\/okinawa-karate-moerfelden.org\/de\/verband\/","name":"Weltverband - Okinawa-Karate-M\u00f6rfelden Deutsch","isPartOf":{"@id":"https:\/\/okinawa-karate-moerfelden.org\/de\/#website"},"primaryImageOfPage":{"@id":"https:\/\/okinawa-karate-moerfelden.org\/de\/verband\/#primaryimage"},"image":{"@id":"https:\/\/okinawa-karate-moerfelden.org\/de\/verband\/#primaryimage"},"thumbnailUrl":"https:\/\/okinawa-karate-moerfelden.org\/de\/wp-content\/uploads\/sites\/2\/2023\/06\/sensei_thomas_leonhard_bischofsheim.jpg","datePublished":"2023-06-15T05:24:27+00:00","dateModified":"2026-02-27T22:35:39+00:00","breadcrumb":{"@id":"https:\/\/okinawa-karate-moerfelden.org\/de\/verband\/#breadcrumb"},"inLanguage":"de","potentialAction":[{"@type":"ReadAction","target":["https:\/\/okinawa-karate-moerfelden.org\/de\/verband\/"]}]},{"@type":"ImageObject","inLanguage":"de","@id":"https:\/\/okinawa-karate-moerfelden.org\/de\/verband\/#primaryimage","url":"https:\/\/okinawa-karate-moerfelden.org\/de\/wp-content\/uploads\/sites\/2\/2023\/06\/sensei_thomas_leonhard_bischofsheim.jpg","contentUrl":"https:\/\/okinawa-karate-moerfelden.org\/de\/wp-content\/uploads\/sites\/2\/2023\/06\/sensei_thomas_leonhard_bischofsheim.jpg","width":365,"height":641,"caption":"Thomas Leonhard 7. Dan, Kyoshi, Shihan, Dojoleiter und Haupttrainer Dojo-Bischofsheim"},{"@type":"BreadcrumbList","@id":"https:\/\/okinawa-karate-moerfelden.org\/de\/verband\/#breadcrumb","itemListElement":[{"@type":"ListItem","position":1,"name":"Home","item":"https:\/\/okinawa-karate-moerfelden.org\/de\/"},{"@type":"ListItem","position":2,"name":"Weltverband"}]},{"@type":"WebSite","@id":"https:\/\/okinawa-karate-moerfelden.org\/de\/#website","url":"https:\/\/okinawa-karate-moerfelden.org\/de\/","name":"Okinawa-Karate-M\u00f6rfelden Deutsch","description":"Shorin Ryu Matsumura Kenpo","publisher":{"@id":"https:\/\/okinawa-karate-moerfelden.org\/de\/#organization"},"potentialAction":[{"@type":"SearchAction","target":{"@type":"EntryPoint","urlTemplate":"https:\/\/okinawa-karate-moerfelden.org\/de\/?s={search_term_string}"},"query-input":{"@type":"PropertyValueSpecification","valueRequired":true,"valueName":"search_term_string"}}],"inLanguage":"de"},{"@type":"Organization","@id":"https:\/\/okinawa-karate-moerfelden.org\/de\/#organization","name":"Okinawa-Karate-M\u00f6rfelden Deutsch","url":"https:\/\/okinawa-karate-moerfelden.org\/de\/","logo":{"@type":"ImageObject","inLanguage":"de","@id":"https:\/\/okinawa-karate-moerfelden.org\/de\/#\/schema\/logo\/image\/","url":"https:\/\/okinawa-karate-moerfelden.org\/de\/wp-content\/uploads\/sites\/2\/2023\/06\/logo.png","contentUrl":"https:\/\/okinawa-karate-moerfelden.org\/de\/wp-content\/uploads\/sites\/2\/2023\/06\/logo.png","width":548,"height":548,"caption":"Okinawa-Karate-M\u00f6rfelden Deutsch"},"image":{"@id":"https:\/\/okinawa-karate-moerfelden.org\/de\/#\/schema\/logo\/image\/"}}]}},"_links":{"self":[{"href":"https:\/\/okinawa-karate-moerfelden.org\/de\/wp-json\/wp\/v2\/pages\/44","targetHints":{"allow":["GET"]}}],"collection":[{"href":"https:\/\/okinawa-karate-moerfelden.org\/de\/wp-json\/wp\/v2\/pages"}],"about":[{"href":"https:\/\/okinawa-karate-moerfelden.org\/de\/wp-json\/wp\/v2\/types\/page"}],"author":[{"embeddable":true,"href":"https:\/\/okinawa-karate-moerfelden.org\/de\/wp-json\/wp\/v2\/users\/1"}],"replies":[{"embeddable":true,"href":"https:\/\/okinawa-karate-moerfelden.org\/de\/wp-json\/wp\/v2\/comments?post=44"}],"version-history":[{"count":29,"href":"https:\/\/okinawa-karate-moerfelden.org\/de\/wp-json\/wp\/v2\/pages\/44\/revisions"}],"predecessor-version":[{"id":918,"href":"https:\/\/okinawa-karate-moerfelden.org\/de\/wp-json\/wp\/v2\/pages\/44\/revisions\/918"}],"wp:attachment":[{"href":"https:\/\/okinawa-karate-moerfelden.org\/de\/wp-json\/wp\/v2\/media?parent=44"}],"curies":[{"name":"wp","href":"https:\/\/api.w.org\/{rel}","templated":true}]}}