{"id":66,"date":"2023-06-15T07:42:35","date_gmt":"2023-06-15T05:42:35","guid":{"rendered":"https:\/\/okinawa-karate-moerfelden.org\/de\/?page_id=66"},"modified":"2024-09-14T22:17:29","modified_gmt":"2024-09-14T20:17:29","slug":"trainer","status":"publish","type":"page","link":"https:\/\/okinawa-karate-moerfelden.org\/de\/trainer\/","title":{"rendered":"Trainer"},"content":{"rendered":"\n<h2 class=\"wp-block-heading\">Alexandros Kallidis (Haupttrainer)<\/h2>\n\n\n\n<p id=\"Alexandros_Kallidis\">Alexandros Kallidis ist der Gr\u00fcnder und Haupttrainer des Dojo in M\u00f6rfelden. Er betreibt seit 2003 aktiv Karate und ist derzeit Tr\u00e4ger des 4. Dan. Sein Training hat er im Dojo Bischofsheim als Sch\u00fcler von Thomas Leonhard begonnen. Vor der Gr\u00fcndung des Dojo in M\u00f6rfelden hat er in Bischofsheim au\u00dferdem jahrelange Trainer-Erfahrung gesammelt.<\/p>\n\n\n\n<p>Neben der Leitung des Dojo in M\u00f6rfelden ist er zudem noch Leiter vom HIT-Kurs im <a href=\"https:\/\/skv-moerfelden.org\/fitnessstudio\/kursplan\/\" target=\"_blank\" rel=\"noreferrer noopener\">SKV Fitnesstudio<\/a> und hat eine Trainer C-Lizenz vom Landessportbund Hessen.<\/p>\n\n\n\n<figure class=\"wp-block-image aligncenter size-full is-resized\"><img loading=\"lazy\" decoding=\"async\" width=\"494\" height=\"979\" src=\"https:\/\/okinawa-karate-moerfelden.org\/de\/wp-content\/uploads\/sites\/2\/2023\/06\/sensei_alexandros_kallidis_bischofsheim.jpg\" alt=\"\" class=\"wp-image-153\" style=\"width:360px;height:714px\" srcset=\"https:\/\/okinawa-karate-moerfelden.org\/de\/wp-content\/uploads\/sites\/2\/2023\/06\/sensei_alexandros_kallidis_bischofsheim.jpg 494w, https:\/\/okinawa-karate-moerfelden.org\/de\/wp-content\/uploads\/sites\/2\/2023\/06\/sensei_alexandros_kallidis_bischofsheim-151x300.jpg 151w\" sizes=\"auto, (max-width: 494px) 100vw, 494px\" \/><figcaption class=\"wp-element-caption\"><em><strong>Alexandros Kallidis<\/strong><br>4. Dan Matsumura Kenpo<br>\u00dcber 20 Jahre Karate Erfahrung<br>Haupttrainer und Leiter des Dojo in M\u00f6rfelden<br>Trainer C-Lizenz<\/em><\/figcaption><\/figure>\n\n\n\n<h2 class=\"wp-block-heading\">Maren Schilb (Kindertrainerin)<\/h2>\n\n\n\n<figure class=\"wp-block-image aligncenter size-large is-resized\"><img decoding=\"async\" src=\"https:\/\/okinawa-karate-moerfelden.org\/de\/wp-content\/uploads\/sites\/2\/2024\/05\/maren-490x1024.png\" alt=\"\" class=\"wp-image-760\" style=\"width:371px;height:777px\"\/><figcaption class=\"wp-element-caption\"><em><strong>Maren Schilb<\/strong><br>6. Kyu Matsumura Kenpo<br>3. Kyu Shotokan Karate (<a href=\"https:\/\/www.djkb.com\/\" target=\"_blank\" rel=\"noreferrer noopener\">DJKB<\/a>)<br>Kindertrainerin<br>\u00dcber 10 Jahre Karate Erfahrung<br>Trainer C-Lizenz<\/em><\/figcaption><\/figure>\n\n\n\n<p><\/p>\n\n\n\n<p><\/p>\n\n\n\n<p><\/p>\n","protected":false},"excerpt":{"rendered":"<p>Alexandros Kallidis (Haupttrainer) Alexandros Kallidis ist der Gr\u00fcnder und Haupttrainer des Dojo in M\u00f6rfelden. Er betreibt seit 2003 aktiv Karate und ist derzeit Tr\u00e4ger des 4. Dan. Sein Training hat er im Dojo Bischofsheim als Sch\u00fcler von Thomas Leonhard begonnen. Vor der Gr\u00fcndung des Dojo in M\u00f6rfelden hat er in Bischofsheim au\u00dferdem jahrelange Trainer-Erfahrung gesammelt. [&hellip;]<\/p>\n","protected":false},"author":1,"featured_media":0,"parent":0,"menu_order":0,"comment_status":"closed","ping_status":"closed","template":"","meta":{"site-sidebar-layout":"default","site-content-layout":"","ast-site-content-layout":"default","site-content-style":"default","site-sidebar-style":"default","ast-global-header-display":"","ast-banner-title-visibility":"","ast-main-header-display":"","ast-hfb-above-header-display":"","ast-hfb-below-header-display":"","ast-hfb-mobile-header-display":"","site-post-title":"","ast-breadcrumbs-content":"","ast-featured-img":"","footer-sml-layout":"","ast-disable-related-posts":"","theme-transparent-header-meta":"","adv-header-id-meta":"","stick-header-meta":"","header-above-stick-meta":"","header-main-stick-meta":"","header-below-stick-meta":"","astra-migrate-meta-layouts":"set","ast-page-background-enabled":"default","ast-page-background-meta":{"desktop":{"background-color":"var(--ast-global-color-4)","background-image":"","background-repeat":"repeat","background-position":"center center","background-size":"auto","background-attachment":"scroll","background-type":"","background-media":"","overlay-type":"","overlay-color":"","overlay-opacity":"","overlay-gradient":""},"tablet":{"background-color":"","background-image":"","background-repeat":"repeat","background-position":"center center","background-size":"auto","background-attachment":"scroll","background-type":"","background-media":"","overlay-type":"","overlay-color":"","overlay-opacity":"","overlay-gradient":""},"mobile":{"background-color":"","background-image":"","background-repeat":"repeat","background-position":"center center","background-size":"auto","background-attachment":"scroll","background-type":"","background-media":"","overlay-type":"","overlay-color":"","overlay-opacity":"","overlay-gradient":""}},"ast-content-background-meta":{"desktop":{"background-color":"var(--ast-global-color-5)","background-image":"","background-repeat":"repeat","background-position":"center center","background-size":"auto","background-attachment":"scroll","background-type":"","background-media":"","overlay-type":"","overlay-color":"","overlay-opacity":"","overlay-gradient":""},"tablet":{"background-color":"var(--ast-global-color-5)","background-image":"","background-repeat":"repeat","background-position":"center center","background-size":"auto","background-attachment":"scroll","background-type":"","background-media":"","overlay-type":"","overlay-color":"","overlay-opacity":"","overlay-gradient":""},"mobile":{"background-color":"var(--ast-global-color-5)","background-image":"","background-repeat":"repeat","background-position":"center center","background-size":"auto","background-attachment":"scroll","background-type":"","background-media":"","overlay-type":"","overlay-color":"","overlay-opacity":"","overlay-gradient":""}},"footnotes":""},"class_list":["post-66","page","type-page","status-publish","hentry"],"yoast_head":"<!-- This site is optimized with the Yoast SEO plugin v27.0 - https:\/\/yoast.com\/product\/yoast-seo-wordpress\/ -->\n<title>Trainer - Okinawa-Karate-M\u00f6rfelden Deutsch<\/title>\n<meta name=\"robots\" content=\"index, follow, max-snippet:-1, max-image-preview:large, max-video-preview:-1\" \/>\n<link rel=\"canonical\" href=\"https:\/\/okinawa-karate-moerfelden.org\/de\/trainer\/\" \/>\n<meta property=\"og:locale\" content=\"de_DE\" \/>\n<meta property=\"og:type\" content=\"article\" \/>\n<meta property=\"og:title\" content=\"Trainer - Okinawa-Karate-M\u00f6rfelden Deutsch\" \/>\n<meta property=\"og:description\" content=\"Alexandros Kallidis (Haupttrainer) Alexandros Kallidis ist der Gr\u00fcnder und Haupttrainer des Dojo in M\u00f6rfelden. Er betreibt seit 2003 aktiv Karate und ist derzeit Tr\u00e4ger des 4. Dan. Sein Training hat er im Dojo Bischofsheim als Sch\u00fcler von Thomas Leonhard begonnen. Vor der Gr\u00fcndung des Dojo in M\u00f6rfelden hat er in Bischofsheim au\u00dferdem jahrelange Trainer-Erfahrung gesammelt. [&hellip;]\" \/>\n<meta property=\"og:url\" content=\"https:\/\/okinawa-karate-moerfelden.org\/de\/trainer\/\" \/>\n<meta property=\"og:site_name\" content=\"Okinawa-Karate-M\u00f6rfelden Deutsch\" \/>\n<meta property=\"article:modified_time\" content=\"2024-09-14T20:17:29+00:00\" \/>\n<meta property=\"og:image\" content=\"https:\/\/okinawa-karate-moerfelden.org\/de\/wp-content\/uploads\/sites\/2\/2023\/06\/sensei_alexandros_kallidis_bischofsheim.jpg\" \/>\n<meta name=\"twitter:card\" content=\"summary_large_image\" \/>\n<meta name=\"twitter:label1\" content=\"Gesch\u00e4tzte Lesezeit\" \/>\n\t<meta name=\"twitter:data1\" content=\"2\u00a0Minuten\" \/>\n<script type=\"application\/ld+json\" class=\"yoast-schema-graph\">{\"@context\":\"https:\/\/schema.org\",\"@graph\":[{\"@type\":\"WebPage\",\"@id\":\"https:\/\/okinawa-karate-moerfelden.org\/de\/trainer\/\",\"url\":\"https:\/\/okinawa-karate-moerfelden.org\/de\/trainer\/\",\"name\":\"Trainer - Okinawa-Karate-M\u00f6rfelden Deutsch\",\"isPartOf\":{\"@id\":\"https:\/\/okinawa-karate-moerfelden.org\/de\/#website\"},\"primaryImageOfPage\":{\"@id\":\"https:\/\/okinawa-karate-moerfelden.org\/de\/trainer\/#primaryimage\"},\"image\":{\"@id\":\"https:\/\/okinawa-karate-moerfelden.org\/de\/trainer\/#primaryimage\"},\"thumbnailUrl\":\"https:\/\/okinawa-karate-moerfelden.org\/de\/wp-content\/uploads\/sites\/2\/2023\/06\/sensei_alexandros_kallidis_bischofsheim.jpg\",\"datePublished\":\"2023-06-15T05:42:35+00:00\",\"dateModified\":\"2024-09-14T20:17:29+00:00\",\"breadcrumb\":{\"@id\":\"https:\/\/okinawa-karate-moerfelden.org\/de\/trainer\/#breadcrumb\"},\"inLanguage\":\"de\",\"potentialAction\":[{\"@type\":\"ReadAction\",\"target\":[\"https:\/\/okinawa-karate-moerfelden.org\/de\/trainer\/\"]}]},{\"@type\":\"ImageObject\",\"inLanguage\":\"de\",\"@id\":\"https:\/\/okinawa-karate-moerfelden.org\/de\/trainer\/#primaryimage\",\"url\":\"https:\/\/okinawa-karate-moerfelden.org\/de\/wp-content\/uploads\/sites\/2\/2023\/06\/sensei_alexandros_kallidis_bischofsheim.jpg\",\"contentUrl\":\"https:\/\/okinawa-karate-moerfelden.org\/de\/wp-content\/uploads\/sites\/2\/2023\/06\/sensei_alexandros_kallidis_bischofsheim.jpg\",\"width\":494,\"height\":979,\"caption\":\"Alexandros Kallidis 4. Dan, Dojoleiter und Haupttrainer Dojo-M\u00f6rfelden\"},{\"@type\":\"BreadcrumbList\",\"@id\":\"https:\/\/okinawa-karate-moerfelden.org\/de\/trainer\/#breadcrumb\",\"itemListElement\":[{\"@type\":\"ListItem\",\"position\":1,\"name\":\"Home\",\"item\":\"https:\/\/okinawa-karate-moerfelden.org\/de\/\"},{\"@type\":\"ListItem\",\"position\":2,\"name\":\"Trainer\"}]},{\"@type\":\"WebSite\",\"@id\":\"https:\/\/okinawa-karate-moerfelden.org\/de\/#website\",\"url\":\"https:\/\/okinawa-karate-moerfelden.org\/de\/\",\"name\":\"Okinawa-Karate-M\u00f6rfelden Deutsch\",\"description\":\"Shorin Ryu Matsumura Kenpo\",\"publisher\":{\"@id\":\"https:\/\/okinawa-karate-moerfelden.org\/de\/#organization\"},\"potentialAction\":[{\"@type\":\"SearchAction\",\"target\":{\"@type\":\"EntryPoint\",\"urlTemplate\":\"https:\/\/okinawa-karate-moerfelden.org\/de\/?s={search_term_string}\"},\"query-input\":{\"@type\":\"PropertyValueSpecification\",\"valueRequired\":true,\"valueName\":\"search_term_string\"}}],\"inLanguage\":\"de\"},{\"@type\":\"Organization\",\"@id\":\"https:\/\/okinawa-karate-moerfelden.org\/de\/#organization\",\"name\":\"Okinawa-Karate-M\u00f6rfelden Deutsch\",\"url\":\"https:\/\/okinawa-karate-moerfelden.org\/de\/\",\"logo\":{\"@type\":\"ImageObject\",\"inLanguage\":\"de\",\"@id\":\"https:\/\/okinawa-karate-moerfelden.org\/de\/#\/schema\/logo\/image\/\",\"url\":\"https:\/\/okinawa-karate-moerfelden.org\/de\/wp-content\/uploads\/sites\/2\/2023\/06\/logo.png\",\"contentUrl\":\"https:\/\/okinawa-karate-moerfelden.org\/de\/wp-content\/uploads\/sites\/2\/2023\/06\/logo.png\",\"width\":548,\"height\":548,\"caption\":\"Okinawa-Karate-M\u00f6rfelden Deutsch\"},\"image\":{\"@id\":\"https:\/\/okinawa-karate-moerfelden.org\/de\/#\/schema\/logo\/image\/\"}}]}<\/script>\n<!-- \/ Yoast SEO plugin. -->","yoast_head_json":{"title":"Trainer - Okinawa-Karate-M\u00f6rfelden Deutsch","robots":{"index":"index","follow":"follow","max-snippet":"max-snippet:-1","max-image-preview":"max-image-preview:large","max-video-preview":"max-video-preview:-1"},"canonical":"https:\/\/okinawa-karate-moerfelden.org\/de\/trainer\/","og_locale":"de_DE","og_type":"article","og_title":"Trainer - Okinawa-Karate-M\u00f6rfelden Deutsch","og_description":"Alexandros Kallidis (Haupttrainer) Alexandros Kallidis ist der Gr\u00fcnder und Haupttrainer des Dojo in M\u00f6rfelden. Er betreibt seit 2003 aktiv Karate und ist derzeit Tr\u00e4ger des 4. Dan. Sein Training hat er im Dojo Bischofsheim als Sch\u00fcler von Thomas Leonhard begonnen. Vor der Gr\u00fcndung des Dojo in M\u00f6rfelden hat er in Bischofsheim au\u00dferdem jahrelange Trainer-Erfahrung gesammelt. [&hellip;]","og_url":"https:\/\/okinawa-karate-moerfelden.org\/de\/trainer\/","og_site_name":"Okinawa-Karate-M\u00f6rfelden Deutsch","article_modified_time":"2024-09-14T20:17:29+00:00","og_image":[{"url":"https:\/\/okinawa-karate-moerfelden.org\/de\/wp-content\/uploads\/sites\/2\/2023\/06\/sensei_alexandros_kallidis_bischofsheim.jpg","type":"","width":"","height":""}],"twitter_card":"summary_large_image","twitter_misc":{"Gesch\u00e4tzte Lesezeit":"2\u00a0Minuten"},"schema":{"@context":"https:\/\/schema.org","@graph":[{"@type":"WebPage","@id":"https:\/\/okinawa-karate-moerfelden.org\/de\/trainer\/","url":"https:\/\/okinawa-karate-moerfelden.org\/de\/trainer\/","name":"Trainer - Okinawa-Karate-M\u00f6rfelden Deutsch","isPartOf":{"@id":"https:\/\/okinawa-karate-moerfelden.org\/de\/#website"},"primaryImageOfPage":{"@id":"https:\/\/okinawa-karate-moerfelden.org\/de\/trainer\/#primaryimage"},"image":{"@id":"https:\/\/okinawa-karate-moerfelden.org\/de\/trainer\/#primaryimage"},"thumbnailUrl":"https:\/\/okinawa-karate-moerfelden.org\/de\/wp-content\/uploads\/sites\/2\/2023\/06\/sensei_alexandros_kallidis_bischofsheim.jpg","datePublished":"2023-06-15T05:42:35+00:00","dateModified":"2024-09-14T20:17:29+00:00","breadcrumb":{"@id":"https:\/\/okinawa-karate-moerfelden.org\/de\/trainer\/#breadcrumb"},"inLanguage":"de","potentialAction":[{"@type":"ReadAction","target":["https:\/\/okinawa-karate-moerfelden.org\/de\/trainer\/"]}]},{"@type":"ImageObject","inLanguage":"de","@id":"https:\/\/okinawa-karate-moerfelden.org\/de\/trainer\/#primaryimage","url":"https:\/\/okinawa-karate-moerfelden.org\/de\/wp-content\/uploads\/sites\/2\/2023\/06\/sensei_alexandros_kallidis_bischofsheim.jpg","contentUrl":"https:\/\/okinawa-karate-moerfelden.org\/de\/wp-content\/uploads\/sites\/2\/2023\/06\/sensei_alexandros_kallidis_bischofsheim.jpg","width":494,"height":979,"caption":"Alexandros Kallidis 4. Dan, Dojoleiter und Haupttrainer Dojo-M\u00f6rfelden"},{"@type":"BreadcrumbList","@id":"https:\/\/okinawa-karate-moerfelden.org\/de\/trainer\/#breadcrumb","itemListElement":[{"@type":"ListItem","position":1,"name":"Home","item":"https:\/\/okinawa-karate-moerfelden.org\/de\/"},{"@type":"ListItem","position":2,"name":"Trainer"}]},{"@type":"WebSite","@id":"https:\/\/okinawa-karate-moerfelden.org\/de\/#website","url":"https:\/\/okinawa-karate-moerfelden.org\/de\/","name":"Okinawa-Karate-M\u00f6rfelden Deutsch","description":"Shorin Ryu Matsumura Kenpo","publisher":{"@id":"https:\/\/okinawa-karate-moerfelden.org\/de\/#organization"},"potentialAction":[{"@type":"SearchAction","target":{"@type":"EntryPoint","urlTemplate":"https:\/\/okinawa-karate-moerfelden.org\/de\/?s={search_term_string}"},"query-input":{"@type":"PropertyValueSpecification","valueRequired":true,"valueName":"search_term_string"}}],"inLanguage":"de"},{"@type":"Organization","@id":"https:\/\/okinawa-karate-moerfelden.org\/de\/#organization","name":"Okinawa-Karate-M\u00f6rfelden Deutsch","url":"https:\/\/okinawa-karate-moerfelden.org\/de\/","logo":{"@type":"ImageObject","inLanguage":"de","@id":"https:\/\/okinawa-karate-moerfelden.org\/de\/#\/schema\/logo\/image\/","url":"https:\/\/okinawa-karate-moerfelden.org\/de\/wp-content\/uploads\/sites\/2\/2023\/06\/logo.png","contentUrl":"https:\/\/okinawa-karate-moerfelden.org\/de\/wp-content\/uploads\/sites\/2\/2023\/06\/logo.png","width":548,"height":548,"caption":"Okinawa-Karate-M\u00f6rfelden Deutsch"},"image":{"@id":"https:\/\/okinawa-karate-moerfelden.org\/de\/#\/schema\/logo\/image\/"}}]}},"_links":{"self":[{"href":"https:\/\/okinawa-karate-moerfelden.org\/de\/wp-json\/wp\/v2\/pages\/66","targetHints":{"allow":["GET"]}}],"collection":[{"href":"https:\/\/okinawa-karate-moerfelden.org\/de\/wp-json\/wp\/v2\/pages"}],"about":[{"href":"https:\/\/okinawa-karate-moerfelden.org\/de\/wp-json\/wp\/v2\/types\/page"}],"author":[{"embeddable":true,"href":"https:\/\/okinawa-karate-moerfelden.org\/de\/wp-json\/wp\/v2\/users\/1"}],"replies":[{"embeddable":true,"href":"https:\/\/okinawa-karate-moerfelden.org\/de\/wp-json\/wp\/v2\/comments?post=66"}],"version-history":[{"count":15,"href":"https:\/\/okinawa-karate-moerfelden.org\/de\/wp-json\/wp\/v2\/pages\/66\/revisions"}],"predecessor-version":[{"id":847,"href":"https:\/\/okinawa-karate-moerfelden.org\/de\/wp-json\/wp\/v2\/pages\/66\/revisions\/847"}],"wp:attachment":[{"href":"https:\/\/okinawa-karate-moerfelden.org\/de\/wp-json\/wp\/v2\/media?parent=66"}],"curies":[{"name":"wp","href":"https:\/\/api.w.org\/{rel}","templated":true}]}}