{"id":72,"date":"2023-06-15T07:46:39","date_gmt":"2023-06-15T05:46:39","guid":{"rendered":"https:\/\/okinawa-karate-moerfelden.org\/de\/?page_id=72"},"modified":"2024-05-22T13:08:43","modified_gmt":"2024-05-22T11:08:43","slug":"dojo-regeln","status":"publish","type":"page","link":"https:\/\/okinawa-karate-moerfelden.org\/de\/dojo-regeln\/","title":{"rendered":"Dojo-Regeln"},"content":{"rendered":"\n<p>Die Dojo-Kun (<span id=\"su_tooltip_69f3c0925f04e_button\" class=\"su-tooltip-button su-tooltip-button-outline-yes\" aria-describedby=\"su_tooltip_69f3c0925f04e\" data-settings='{\"position\":\"top\",\"behavior\":\"hover\",\"hideDelay\":0}' tabindex=\"0\">\u9053\u5834\u8a13)<sup><strong>\u24d8<\/strong><\/sup><\/span><span style=\"display:none;z-index:100\" id=\"su_tooltip_69f3c0925f04e\" class=\"su-tooltip\" role=\"tooltip\"><span class=\"su-tooltip-inner su-tooltip-shadow-no\" style=\"z-index:100;background:#222222;color:#FFFFFF;font-size:16px;border-radius:5px;text-align:left;max-width:600px;line-height:1.25\"><span class=\"su-tooltip-title\">Kanji: \u9053\u5834\u8a13 (Hiragana: \u3069\u3046\u3058\u3087\u3046\u304f\u3093, Lautschrift: d\u014dj\u014d kun)<\/span><span class=\"su-tooltip-content su-u-trim\">Anweisung f\u00fcr den Ort des Weges, oft: Regeln im D\u014dj\u014d, dar\u00fcber hinaus: Regeln f\u00fcr das Erlernen der Kampfkunst<\/span><\/span><span id=\"su_tooltip_69f3c0925f04e_arrow\" class=\"su-tooltip-arrow\" style=\"z-index:100;background:#222222\" data-popper-arrow><\/span><\/span>, aus dem japanischen \u00fcbersetzt \u201eAnweisung f\u00fcr den Ort des Weges (<span id=\"su_tooltip_69f3c0925f113_button\" class=\"su-tooltip-button su-tooltip-button-outline-yes\" aria-describedby=\"su_tooltip_69f3c0925f113\" data-settings='{\"position\":\"top\",\"behavior\":\"hover\",\"hideDelay\":0}' tabindex=\"0\">\u9053)<sup><strong>\u24d8<\/strong><\/sup><\/span><span style=\"display:none;z-index:100\" id=\"su_tooltip_69f3c0925f113\" class=\"su-tooltip\" role=\"tooltip\"><span class=\"su-tooltip-inner su-tooltip-shadow-no\" style=\"z-index:100;background:#222222;color:#FFFFFF;font-size:16px;border-radius:5px;text-align:left;max-width:600px;line-height:1.25\"><span class=\"su-tooltip-title\">Kanji: \u9053 (Hiragana: \u3069\u3046, Lautschrift: d\u014d)<\/span><span class=\"su-tooltip-content su-u-trim\">Methode, Weg, Stra\u00dfe, Pfad, die Denkweise einer Lehre \/ Schule<\/span><\/span><span id=\"su_tooltip_69f3c0925f113_arrow\" class=\"su-tooltip-arrow\" style=\"z-index:100;background:#222222\" data-popper-arrow><\/span><\/span>\u201c, beschreiben Leitlinien f\u00fcr das Verhalten im Karate-Training. Man kann diese auch grunds\u00e4tzlich als die Regeln des Dojo (<span id=\"su_tooltip_69f3c0925f1ab_button\" class=\"su-tooltip-button su-tooltip-button-outline-yes\" aria-describedby=\"su_tooltip_69f3c0925f1ab\" data-settings='{\"position\":\"top\",\"behavior\":\"hover\",\"hideDelay\":0}' tabindex=\"0\">\u9053\u5834)<sup><strong>\u24d8<\/strong><\/sup><\/span><span style=\"display:none;z-index:100\" id=\"su_tooltip_69f3c0925f1ab\" class=\"su-tooltip\" role=\"tooltip\"><span class=\"su-tooltip-inner su-tooltip-shadow-no\" style=\"z-index:100;background:#222222;color:#FFFFFF;font-size:16px;border-radius:5px;text-align:left;max-width:600px;line-height:1.25\"><span class=\"su-tooltip-title\">Kanji: \u9053\u5834 (Hiragana: \u3069\u3046\u3058\u3087\u3046, Lautschrift: d\u014dj\u014d)<\/span><span class=\"su-tooltip-content su-u-trim\">Trainingsraum f\u00fcr die Kampfkunst<\/span><\/span><span id=\"su_tooltip_69f3c0925f1ab_arrow\" class=\"su-tooltip-arrow\" style=\"z-index:100;background:#222222\" data-popper-arrow><\/span><\/span> verstehen. Oft h\u00e4ngen diese auch gut sichtbar im Dojo aus und werden nicht selten zu Beginn oder am Ende des Training rezitiert.<\/p>\n\n\n\n<p>Die G\u00fcltigkeit und tiefere Bedeutung der Dojo-Kun geht aber weit \u00fcber das eigentliche Training im Dojo hinaus. Die Dojo-Kun beschreiben die wichtigsten Faktoren f\u00fcr ein tugendhaftes Leben generell und sind somit auch im Alltag anwendbar.<\/p>\n\n\n\n<p>Falls jemand in einer Notsituation gezwungen ist seine Karate-Techniken als Selbstverteidigung anwenden zu m\u00fcssen, so k\u00f6nnen diese Techniken den Angreifer unter Umst\u00e4nden auch schwer verletzen. In unserem Verband ist der Unterricht den Sch\u00fclern vorbehalten, bei denen wir darauf vertrauen k\u00f6nnen, dass sie ihr Wissen ausschlie\u00dflich in Notwehrsituationen anwenden. Gewaltt\u00e4tige Schl\u00e4ger werden schnell herausgefiltert, die Grunds\u00e4tze der Dojo-Kun helfen uns bei diesem Prozess.<\/p>\n\n\n\n<p>Das folgende Bild zeigt die Dojo-Kun von Gro\u00dfmeisters Yuchi Kuda in japanischen Schriftzeichen. Sein Sohn Tomosada Kuda, unser heutiger Gro\u00dfmeister, hat diese nach dem Tod seines Vaters unver\u00e4ndert \u00fcbernommen.<\/p>\n\n\n\n<figure class=\"wp-block-image aligncenter size-full\"><a href=\"https:\/\/okinawa-karate-moerfelden.org\/de\/wp-content\/uploads\/sites\/2\/2023\/06\/Dojo_Kun_Bischofsheim.png\"><img loading=\"lazy\" decoding=\"async\" width=\"692\" height=\"532\" src=\"https:\/\/okinawa-karate-moerfelden.org\/de\/wp-content\/uploads\/sites\/2\/2023\/06\/Dojo_Kun_Bischofsheim.png\" alt=\"\" class=\"wp-image-143\" srcset=\"https:\/\/okinawa-karate-moerfelden.org\/de\/wp-content\/uploads\/sites\/2\/2023\/06\/Dojo_Kun_Bischofsheim.png 692w, https:\/\/okinawa-karate-moerfelden.org\/de\/wp-content\/uploads\/sites\/2\/2023\/06\/Dojo_Kun_Bischofsheim-300x231.png 300w\" sizes=\"auto, (max-width: 692px) 100vw, 692px\" \/><\/a><figcaption class=\"wp-element-caption\"><em>Dojo-Regeln von Gro\u00dfmeisters Yuchi Kuda<\/em><\/figcaption><\/figure>\n\n\n\n<ul class=\"wp-block-list\">\n<li>Als Karateka<sup>1<\/sup>(<span id=\"su_tooltip_69f3c0925f23e_button\" class=\"su-tooltip-button su-tooltip-button-outline-yes\" aria-describedby=\"su_tooltip_69f3c0925f23e\" data-settings='{\"position\":\"top\",\"behavior\":\"hover\",\"hideDelay\":0}' tabindex=\"0\">\u7a7a\u624b\u5bb6)<sup><strong>\u24d8<\/strong><\/sup><\/span><span style=\"display:none;z-index:100\" id=\"su_tooltip_69f3c0925f23e\" class=\"su-tooltip\" role=\"tooltip\"><span class=\"su-tooltip-inner su-tooltip-shadow-no\" style=\"z-index:100;background:#222222;color:#FFFFFF;font-size:16px;border-radius:5px;text-align:left;max-width:600px;line-height:1.25\"><span class=\"su-tooltip-title\">Kanji: \u7a7a\u624b\u5bb6 (Hiragana: \u304b\u3089\u3066\u304b, Lautschrift: karateka)<\/span><span class=\"su-tooltip-content su-u-trim\">eine Person, die die japanische Kampfkunst Karate betreibt<\/span><\/span><span id=\"su_tooltip_69f3c0925f23e_arrow\" class=\"su-tooltip-arrow\" style=\"z-index:100;background:#222222\" data-popper-arrow><\/span><\/span> bem\u00fche Dich kein selbsts\u00fcchtiger, egoistischer Mensch zu werden und stets korrekt zu handeln.<\/li>\n\n\n\n<li>Es ist nur nat\u00fcrlich, sich dem Lehrer und \u00e4lteren Sch\u00fclern<sup>2<\/sup> gegen\u00fcber stets h\u00f6flich zu benehmen, und auch bei gleichaltrigen und j\u00fcngeren Sch\u00fclern achtet gegenseitig auf euer Verhalten.<\/li>\n\n\n\n<li>Katas und K\u00e4mpfe beginnen immer mit dem Gru\u00df \u201eRei\u201c(<span id=\"su_tooltip_69f3c0925f2cf_button\" class=\"su-tooltip-button su-tooltip-button-outline-yes\" aria-describedby=\"su_tooltip_69f3c0925f2cf\" data-settings='{\"position\":\"top\",\"behavior\":\"hover\",\"hideDelay\":0}' tabindex=\"0\">\u793c)<sup><strong>\u24d8<\/strong><\/sup><\/span><span style=\"display:none;z-index:100\" id=\"su_tooltip_69f3c0925f2cf\" class=\"su-tooltip\" role=\"tooltip\"><span class=\"su-tooltip-inner su-tooltip-shadow-no\" style=\"z-index:100;background:#222222;color:#FFFFFF;font-size:16px;border-radius:5px;text-align:left;max-width:600px;line-height:1.25\"><span class=\"su-tooltip-title\">Kanji: \u793c (Hiragana: \u308c\u3044, Lautschrift: rei)<\/span><span class=\"su-tooltip-content su-u-trim\">h\u00f6fliche Verneigung zum Ausdruck von Dank \/ Respekt<\/span><\/span><span id=\"su_tooltip_69f3c0925f2cf_arrow\" class=\"su-tooltip-arrow\" style=\"z-index:100;background:#222222\" data-popper-arrow><\/span><\/span>.<\/li>\n\n\n\n<li>Die Basis des Karate bilden die Katas. Durch Katas erhoffe Dir aber kein schnelles Ergebnis, sondern vertiefe st\u00e4ndig die Kata- und Kampf\u00fcbungen.<\/li>\n\n\n\n<li>Da es grenzenlos viele Technikkombinationen gibt, bewahre stets deine Disziplin und widme Dich unaufh\u00f6rlich der Vervollkommnung deiner Techniken.<\/li>\n\n\n\n<li>Techniken im Kampf m\u00fcssen schneller, st\u00e4rker und pr\u00e4ziser<sup>3<\/sup> ausgef\u00fchrt werden. Versammle deine ganze Konzentration auf dem Gegner und begegne ihm mit aller Kraft. Dabei sollst Du aber nie emotional werden.<\/li>\n\n\n\n<li>Vergesse nie, besser zu werden und lerne den wahren Kern der Techniken. Das Lernen im Karate nimmt kein Ende.<\/li>\n\n\n\n<li>Benehme dich im Alltag stets korrekt, z\u00fcgle deinen \u00dcbermut und verliere niemals die Vernunft.<\/li>\n\n\n\n<li>Bedenke, Hochmut ist eine Pestilenz f\u00fcr den Geist des Karate. Vergiss nie, Hochmut schadet deiner weiteren Entwicklung und auch deinen Qualit\u00e4ten als Mensch. Im Karate steht man immer am Anfang und nie am Ende.<\/li>\n\n\n\n<li>Der Weg des Karate besteht aus Training und der Lebenseinstellung des Karate. Es verlangt von dir das Streben nach Anstand und Aufrichtigkeit um ein honoriger B\u00fcrger der Gesellschaft zu werden. Dies gilt es durch Karate zu erreichen.<\/li>\n\n\n\n<li>Karate ist Budo (<span id=\"su_tooltip_69f3c0925f35f_button\" class=\"su-tooltip-button su-tooltip-button-outline-yes\" aria-describedby=\"su_tooltip_69f3c0925f35f\" data-settings='{\"position\":\"top\",\"behavior\":\"hover\",\"hideDelay\":0}' tabindex=\"0\">\u6b66\u9053)<sup><strong>\u24d8<\/strong><\/sup><\/span><span style=\"display:none;z-index:100\" id=\"su_tooltip_69f3c0925f35f\" class=\"su-tooltip\" role=\"tooltip\"><span class=\"su-tooltip-inner su-tooltip-shadow-no\" style=\"z-index:100;background:#222222;color:#FFFFFF;font-size:16px;border-radius:5px;text-align:left;max-width:600px;line-height:1.25\"><span class=\"su-tooltip-title\">Kanji: \u6b66\u9053 (Hiragana: \u3076\u3069\u3046, Lautschrift: bud\u014d)<\/span><span class=\"su-tooltip-content su-u-trim\">Der Weg des Kriegers<\/span><\/span><span id=\"su_tooltip_69f3c0925f35f_arrow\" class=\"su-tooltip-arrow\" style=\"z-index:100;background:#222222\" data-popper-arrow><\/span><\/span>, ohne Anstrengung erreichst du nichts. Mit dem richtigen Geist und hartn\u00e4ckigem Streben gibt es nichts, dass du nicht erreichen kannst.<\/li>\n<\/ul>\n\n\n\n<p>Die tats\u00e4chliche Bedeutung der Dojo-Kun, wie sie in der japanischen Sprache und Kultur verstanden wird, l\u00e4sst sich aufgrund der Unterschiede zur westlichen Kulktur leider nicht durch eine direkte \u00dcbersetzung in unsere Sprache \u00fcbertragen. Allgemein kann man aber sagen, dass die zentralen Themen der Dojo-Kun die wichtigsten Faktoren f\u00fcr ein tugendhaftes Leben beschreiben:<\/p>\n\n\n\n<p class=\"has-text-align-center has-medium-font-size\"><strong>Respekt, Disziplin, Positivit\u00e4t, Empathie, Selbstbewusstsein gepaart mit Bescheidenheit, Kontrolle der Emotionen und das Wissen, dass man alles im Leben erreichen kann, wenn man all seinen Fokus und seine Energie auf ein Ziel richtet und daran festh\u00e4lt.<\/strong><\/p>\n\n\n\n<p>Der Trainer versucht diese Werte im Training vorzuleben und zu vermitteln, ohne dabei missionarisch zu sein. Die Dojo-Kun helfen gleicherma\u00dfen Kindern als auch Erwachsenen obgleich in Schule, Beruf und im sozialen Umfeld. Sie gelten als das Rezept f\u00fcr ein erfolgreiches Leben.<\/p>\n\n\n\n<p><strong>Fu\u00dfnoten<\/strong><\/p>\n\n\n\n<p class=\"has-small-font-size\">1 Karateka ist eine Formulierung f\u00fcr einen Sportler der Karate \u00fcbt. Diese japanisierte Form ist zwar in der japanischen Sprache grammatikalisch korrekt, in Japan aber eher un\u00fcblich<\/p>\n\n\n\n<p class=\"has-small-font-size\">2 \u00c4lterer Sch\u00fcler beschreibt hier den Sch\u00fcler, der schon l\u00e4nger Karate betreibt. Nicht das absolute Alter ist bei dieser Betrachtung relevant, sondern nur die Zeit seit dem Eintritt in den Karateverein. Das bedeutet, dass auch ein \u00e4lterer Sch\u00fcler tats\u00e4chlich j\u00fcnger sein kann<\/p>\n\n\n\n<p class=\"has-small-font-size\">3 Hier handelt es sich um ein Anakoluth (Bruch des Satzbaus): Der Komparativ ist zwar grammatikalisch falsch, aber um m\u00f6glichst nah ans Original zu kommen wurde dieser hier verwendet<\/p>\n","protected":false},"excerpt":{"rendered":"<p>Die Dojo-Kun (, aus dem japanischen \u00fcbersetzt \u201eAnweisung f\u00fcr den Ort des Weges (\u201c, beschreiben Leitlinien f\u00fcr das Verhalten im Karate-Training. Man kann diese auch grunds\u00e4tzlich als die Regeln des Dojo ( verstehen. Oft h\u00e4ngen diese auch gut sichtbar im Dojo aus und werden nicht selten zu Beginn oder am Ende des Training rezitiert. Die [&hellip;]<\/p>\n","protected":false},"author":1,"featured_media":0,"parent":0,"menu_order":0,"comment_status":"closed","ping_status":"closed","template":"","meta":{"site-sidebar-layout":"default","site-content-layout":"","ast-site-content-layout":"default","site-content-style":"default","site-sidebar-style":"default","ast-global-header-display":"","ast-banner-title-visibility":"","ast-main-header-display":"","ast-hfb-above-header-display":"","ast-hfb-below-header-display":"","ast-hfb-mobile-header-display":"","site-post-title":"","ast-breadcrumbs-content":"","ast-featured-img":"","footer-sml-layout":"","ast-disable-related-posts":"","theme-transparent-header-meta":"","adv-header-id-meta":"","stick-header-meta":"","header-above-stick-meta":"","header-main-stick-meta":"","header-below-stick-meta":"","astra-migrate-meta-layouts":"default","ast-page-background-enabled":"default","ast-page-background-meta":{"desktop":{"background-color":"var(--ast-global-color-4)","background-image":"","background-repeat":"repeat","background-position":"center center","background-size":"auto","background-attachment":"scroll","background-type":"","background-media":"","overlay-type":"","overlay-color":"","overlay-opacity":"","overlay-gradient":""},"tablet":{"background-color":"","background-image":"","background-repeat":"repeat","background-position":"center center","background-size":"auto","background-attachment":"scroll","background-type":"","background-media":"","overlay-type":"","overlay-color":"","overlay-opacity":"","overlay-gradient":""},"mobile":{"background-color":"","background-image":"","background-repeat":"repeat","background-position":"center center","background-size":"auto","background-attachment":"scroll","background-type":"","background-media":"","overlay-type":"","overlay-color":"","overlay-opacity":"","overlay-gradient":""}},"ast-content-background-meta":{"desktop":{"background-color":"var(--ast-global-color-5)","background-image":"","background-repeat":"repeat","background-position":"center center","background-size":"auto","background-attachment":"scroll","background-type":"","background-media":"","overlay-type":"","overlay-color":"","overlay-opacity":"","overlay-gradient":""},"tablet":{"background-color":"var(--ast-global-color-5)","background-image":"","background-repeat":"repeat","background-position":"center center","background-size":"auto","background-attachment":"scroll","background-type":"","background-media":"","overlay-type":"","overlay-color":"","overlay-opacity":"","overlay-gradient":""},"mobile":{"background-color":"var(--ast-global-color-5)","background-image":"","background-repeat":"repeat","background-position":"center center","background-size":"auto","background-attachment":"scroll","background-type":"","background-media":"","overlay-type":"","overlay-color":"","overlay-opacity":"","overlay-gradient":""}},"footnotes":""},"class_list":["post-72","page","type-page","status-publish","hentry"],"yoast_head":"<!-- This site is optimized with the Yoast SEO plugin v27.0 - https:\/\/yoast.com\/product\/yoast-seo-wordpress\/ -->\n<title>Dojo-Regeln - Okinawa-Karate-M\u00f6rfelden Deutsch<\/title>\n<meta name=\"robots\" content=\"index, follow, max-snippet:-1, max-image-preview:large, max-video-preview:-1\" \/>\n<link rel=\"canonical\" href=\"https:\/\/okinawa-karate-moerfelden.org\/de\/dojo-regeln\/\" \/>\n<meta property=\"og:locale\" content=\"de_DE\" \/>\n<meta property=\"og:type\" content=\"article\" \/>\n<meta property=\"og:title\" content=\"Dojo-Regeln - Okinawa-Karate-M\u00f6rfelden Deutsch\" \/>\n<meta property=\"og:description\" content=\"Die Dojo-Kun (, aus dem japanischen \u00fcbersetzt \u201eAnweisung f\u00fcr den Ort des Weges (\u201c, beschreiben Leitlinien f\u00fcr das Verhalten im Karate-Training. Man kann diese auch grunds\u00e4tzlich als die Regeln des Dojo ( verstehen. Oft h\u00e4ngen diese auch gut sichtbar im Dojo aus und werden nicht selten zu Beginn oder am Ende des Training rezitiert. Die [&hellip;]\" \/>\n<meta property=\"og:url\" content=\"https:\/\/okinawa-karate-moerfelden.org\/de\/dojo-regeln\/\" \/>\n<meta property=\"og:site_name\" content=\"Okinawa-Karate-M\u00f6rfelden Deutsch\" \/>\n<meta property=\"article:modified_time\" content=\"2024-05-22T11:08:43+00:00\" \/>\n<meta property=\"og:image\" content=\"https:\/\/okinawa-karate-moerfelden.org\/de\/wp-content\/uploads\/sites\/2\/2023\/06\/Dojo_Kun_Bischofsheim.png\" \/>\n<meta name=\"twitter:card\" content=\"summary_large_image\" \/>\n<meta name=\"twitter:label1\" content=\"Gesch\u00e4tzte Lesezeit\" \/>\n\t<meta name=\"twitter:data1\" content=\"5\u00a0Minuten\" \/>\n<script type=\"application\/ld+json\" class=\"yoast-schema-graph\">{\"@context\":\"https:\/\/schema.org\",\"@graph\":[{\"@type\":\"WebPage\",\"@id\":\"https:\/\/okinawa-karate-moerfelden.org\/de\/dojo-regeln\/\",\"url\":\"https:\/\/okinawa-karate-moerfelden.org\/de\/dojo-regeln\/\",\"name\":\"Dojo-Regeln - Okinawa-Karate-M\u00f6rfelden Deutsch\",\"isPartOf\":{\"@id\":\"https:\/\/okinawa-karate-moerfelden.org\/de\/#website\"},\"primaryImageOfPage\":{\"@id\":\"https:\/\/okinawa-karate-moerfelden.org\/de\/dojo-regeln\/#primaryimage\"},\"image\":{\"@id\":\"https:\/\/okinawa-karate-moerfelden.org\/de\/dojo-regeln\/#primaryimage\"},\"thumbnailUrl\":\"https:\/\/okinawa-karate-moerfelden.org\/de\/wp-content\/uploads\/sites\/2\/2023\/06\/Dojo_Kun_Bischofsheim.png\",\"datePublished\":\"2023-06-15T05:46:39+00:00\",\"dateModified\":\"2024-05-22T11:08:43+00:00\",\"breadcrumb\":{\"@id\":\"https:\/\/okinawa-karate-moerfelden.org\/de\/dojo-regeln\/#breadcrumb\"},\"inLanguage\":\"de\",\"potentialAction\":[{\"@type\":\"ReadAction\",\"target\":[\"https:\/\/okinawa-karate-moerfelden.org\/de\/dojo-regeln\/\"]}]},{\"@type\":\"ImageObject\",\"inLanguage\":\"de\",\"@id\":\"https:\/\/okinawa-karate-moerfelden.org\/de\/dojo-regeln\/#primaryimage\",\"url\":\"https:\/\/okinawa-karate-moerfelden.org\/de\/wp-content\/uploads\/sites\/2\/2023\/06\/Dojo_Kun_Bischofsheim.png\",\"contentUrl\":\"https:\/\/okinawa-karate-moerfelden.org\/de\/wp-content\/uploads\/sites\/2\/2023\/06\/Dojo_Kun_Bischofsheim.png\",\"width\":692,\"height\":532,\"caption\":\"Dojo-Regeln von Gro\u00dfmeisters Yuchi Kuda\"},{\"@type\":\"BreadcrumbList\",\"@id\":\"https:\/\/okinawa-karate-moerfelden.org\/de\/dojo-regeln\/#breadcrumb\",\"itemListElement\":[{\"@type\":\"ListItem\",\"position\":1,\"name\":\"Home\",\"item\":\"https:\/\/okinawa-karate-moerfelden.org\/de\/\"},{\"@type\":\"ListItem\",\"position\":2,\"name\":\"Dojo-Regeln\"}]},{\"@type\":\"WebSite\",\"@id\":\"https:\/\/okinawa-karate-moerfelden.org\/de\/#website\",\"url\":\"https:\/\/okinawa-karate-moerfelden.org\/de\/\",\"name\":\"Okinawa-Karate-M\u00f6rfelden Deutsch\",\"description\":\"Shorin Ryu Matsumura Kenpo\",\"publisher\":{\"@id\":\"https:\/\/okinawa-karate-moerfelden.org\/de\/#organization\"},\"potentialAction\":[{\"@type\":\"SearchAction\",\"target\":{\"@type\":\"EntryPoint\",\"urlTemplate\":\"https:\/\/okinawa-karate-moerfelden.org\/de\/?s={search_term_string}\"},\"query-input\":{\"@type\":\"PropertyValueSpecification\",\"valueRequired\":true,\"valueName\":\"search_term_string\"}}],\"inLanguage\":\"de\"},{\"@type\":\"Organization\",\"@id\":\"https:\/\/okinawa-karate-moerfelden.org\/de\/#organization\",\"name\":\"Okinawa-Karate-M\u00f6rfelden Deutsch\",\"url\":\"https:\/\/okinawa-karate-moerfelden.org\/de\/\",\"logo\":{\"@type\":\"ImageObject\",\"inLanguage\":\"de\",\"@id\":\"https:\/\/okinawa-karate-moerfelden.org\/de\/#\/schema\/logo\/image\/\",\"url\":\"https:\/\/okinawa-karate-moerfelden.org\/de\/wp-content\/uploads\/sites\/2\/2023\/06\/logo.png\",\"contentUrl\":\"https:\/\/okinawa-karate-moerfelden.org\/de\/wp-content\/uploads\/sites\/2\/2023\/06\/logo.png\",\"width\":548,\"height\":548,\"caption\":\"Okinawa-Karate-M\u00f6rfelden Deutsch\"},\"image\":{\"@id\":\"https:\/\/okinawa-karate-moerfelden.org\/de\/#\/schema\/logo\/image\/\"}}]}<\/script>\n<!-- \/ Yoast SEO plugin. -->","yoast_head_json":{"title":"Dojo-Regeln - Okinawa-Karate-M\u00f6rfelden Deutsch","robots":{"index":"index","follow":"follow","max-snippet":"max-snippet:-1","max-image-preview":"max-image-preview:large","max-video-preview":"max-video-preview:-1"},"canonical":"https:\/\/okinawa-karate-moerfelden.org\/de\/dojo-regeln\/","og_locale":"de_DE","og_type":"article","og_title":"Dojo-Regeln - Okinawa-Karate-M\u00f6rfelden Deutsch","og_description":"Die Dojo-Kun (, aus dem japanischen \u00fcbersetzt \u201eAnweisung f\u00fcr den Ort des Weges (\u201c, beschreiben Leitlinien f\u00fcr das Verhalten im Karate-Training. Man kann diese auch grunds\u00e4tzlich als die Regeln des Dojo ( verstehen. Oft h\u00e4ngen diese auch gut sichtbar im Dojo aus und werden nicht selten zu Beginn oder am Ende des Training rezitiert. Die [&hellip;]","og_url":"https:\/\/okinawa-karate-moerfelden.org\/de\/dojo-regeln\/","og_site_name":"Okinawa-Karate-M\u00f6rfelden Deutsch","article_modified_time":"2024-05-22T11:08:43+00:00","og_image":[{"url":"https:\/\/okinawa-karate-moerfelden.org\/de\/wp-content\/uploads\/sites\/2\/2023\/06\/Dojo_Kun_Bischofsheim.png","type":"","width":"","height":""}],"twitter_card":"summary_large_image","twitter_misc":{"Gesch\u00e4tzte Lesezeit":"5\u00a0Minuten"},"schema":{"@context":"https:\/\/schema.org","@graph":[{"@type":"WebPage","@id":"https:\/\/okinawa-karate-moerfelden.org\/de\/dojo-regeln\/","url":"https:\/\/okinawa-karate-moerfelden.org\/de\/dojo-regeln\/","name":"Dojo-Regeln - Okinawa-Karate-M\u00f6rfelden Deutsch","isPartOf":{"@id":"https:\/\/okinawa-karate-moerfelden.org\/de\/#website"},"primaryImageOfPage":{"@id":"https:\/\/okinawa-karate-moerfelden.org\/de\/dojo-regeln\/#primaryimage"},"image":{"@id":"https:\/\/okinawa-karate-moerfelden.org\/de\/dojo-regeln\/#primaryimage"},"thumbnailUrl":"https:\/\/okinawa-karate-moerfelden.org\/de\/wp-content\/uploads\/sites\/2\/2023\/06\/Dojo_Kun_Bischofsheim.png","datePublished":"2023-06-15T05:46:39+00:00","dateModified":"2024-05-22T11:08:43+00:00","breadcrumb":{"@id":"https:\/\/okinawa-karate-moerfelden.org\/de\/dojo-regeln\/#breadcrumb"},"inLanguage":"de","potentialAction":[{"@type":"ReadAction","target":["https:\/\/okinawa-karate-moerfelden.org\/de\/dojo-regeln\/"]}]},{"@type":"ImageObject","inLanguage":"de","@id":"https:\/\/okinawa-karate-moerfelden.org\/de\/dojo-regeln\/#primaryimage","url":"https:\/\/okinawa-karate-moerfelden.org\/de\/wp-content\/uploads\/sites\/2\/2023\/06\/Dojo_Kun_Bischofsheim.png","contentUrl":"https:\/\/okinawa-karate-moerfelden.org\/de\/wp-content\/uploads\/sites\/2\/2023\/06\/Dojo_Kun_Bischofsheim.png","width":692,"height":532,"caption":"Dojo-Regeln von Gro\u00dfmeisters Yuchi Kuda"},{"@type":"BreadcrumbList","@id":"https:\/\/okinawa-karate-moerfelden.org\/de\/dojo-regeln\/#breadcrumb","itemListElement":[{"@type":"ListItem","position":1,"name":"Home","item":"https:\/\/okinawa-karate-moerfelden.org\/de\/"},{"@type":"ListItem","position":2,"name":"Dojo-Regeln"}]},{"@type":"WebSite","@id":"https:\/\/okinawa-karate-moerfelden.org\/de\/#website","url":"https:\/\/okinawa-karate-moerfelden.org\/de\/","name":"Okinawa-Karate-M\u00f6rfelden Deutsch","description":"Shorin Ryu Matsumura Kenpo","publisher":{"@id":"https:\/\/okinawa-karate-moerfelden.org\/de\/#organization"},"potentialAction":[{"@type":"SearchAction","target":{"@type":"EntryPoint","urlTemplate":"https:\/\/okinawa-karate-moerfelden.org\/de\/?s={search_term_string}"},"query-input":{"@type":"PropertyValueSpecification","valueRequired":true,"valueName":"search_term_string"}}],"inLanguage":"de"},{"@type":"Organization","@id":"https:\/\/okinawa-karate-moerfelden.org\/de\/#organization","name":"Okinawa-Karate-M\u00f6rfelden Deutsch","url":"https:\/\/okinawa-karate-moerfelden.org\/de\/","logo":{"@type":"ImageObject","inLanguage":"de","@id":"https:\/\/okinawa-karate-moerfelden.org\/de\/#\/schema\/logo\/image\/","url":"https:\/\/okinawa-karate-moerfelden.org\/de\/wp-content\/uploads\/sites\/2\/2023\/06\/logo.png","contentUrl":"https:\/\/okinawa-karate-moerfelden.org\/de\/wp-content\/uploads\/sites\/2\/2023\/06\/logo.png","width":548,"height":548,"caption":"Okinawa-Karate-M\u00f6rfelden Deutsch"},"image":{"@id":"https:\/\/okinawa-karate-moerfelden.org\/de\/#\/schema\/logo\/image\/"}}]}},"_links":{"self":[{"href":"https:\/\/okinawa-karate-moerfelden.org\/de\/wp-json\/wp\/v2\/pages\/72","targetHints":{"allow":["GET"]}}],"collection":[{"href":"https:\/\/okinawa-karate-moerfelden.org\/de\/wp-json\/wp\/v2\/pages"}],"about":[{"href":"https:\/\/okinawa-karate-moerfelden.org\/de\/wp-json\/wp\/v2\/types\/page"}],"author":[{"embeddable":true,"href":"https:\/\/okinawa-karate-moerfelden.org\/de\/wp-json\/wp\/v2\/users\/1"}],"replies":[{"embeddable":true,"href":"https:\/\/okinawa-karate-moerfelden.org\/de\/wp-json\/wp\/v2\/comments?post=72"}],"version-history":[{"count":17,"href":"https:\/\/okinawa-karate-moerfelden.org\/de\/wp-json\/wp\/v2\/pages\/72\/revisions"}],"predecessor-version":[{"id":798,"href":"https:\/\/okinawa-karate-moerfelden.org\/de\/wp-json\/wp\/v2\/pages\/72\/revisions\/798"}],"wp:attachment":[{"href":"https:\/\/okinawa-karate-moerfelden.org\/de\/wp-json\/wp\/v2\/media?parent=72"}],"curies":[{"name":"wp","href":"https:\/\/api.w.org\/{rel}","templated":true}]}}