{"id":74,"date":"2023-06-15T07:47:01","date_gmt":"2023-06-15T05:47:01","guid":{"rendered":"https:\/\/okinawa-karate-moerfelden.org\/de\/?page_id=74"},"modified":"2024-12-05T15:59:22","modified_gmt":"2024-12-05T14:59:22","slug":"neuigkeiten","status":"publish","type":"page","link":"https:\/\/okinawa-karate-moerfelden.org\/de\/neuigkeiten\/","title":{"rendered":"Neuigkeiten"},"content":{"rendered":"\n<h2 class=\"wp-block-heading\">Neuigkeiten im Rahmen des Trainingsangebotes der Abteilung Karate im SKV<\/h2>\n\n\n\n<p><a href=\"https:\/\/skv-moerfelden.org\/sport\/skv-abteilung-karate\/aktuelle-neuigkeiten\/\" target=\"_blank\" rel=\"noreferrer noopener\">Aktuelle Neuigkeiten<\/a><\/p>\n\n\n\n<h2 class=\"wp-block-heading\">Neuigkeiten des Dojo M\u00f6rfelden<\/h2>\n\n\n\n<p>Gro\u00dfmeister Tomosada Kuda ist zu Besuch in Deutschland: Vom 30.09. &#8211; 18.10.2024 ist unser Gro\u00dfmeister in Deutschland und gibt Training in allen Dojo (<a href=\"https:\/\/www.shorin-ryu-karate.de\/\" target=\"_blank\" rel=\"noreferrer noopener\">Karateverein Landstuhl e.V.<\/a>, <a href=\"https:\/\/karate-bischofsheim.de\/\" target=\"_blank\" rel=\"noreferrer noopener\">Karate-Verein Bischofsheim<\/a>, <a href=\"http:\/\/www.matsumura-kl.de\/index.html\" target=\"_blank\" rel=\"noreferrer noopener\">Dojo Kaiserslautern<\/a> sowie in unserem Dojo in M\u00f6rfelden).<\/p>\n","protected":false},"excerpt":{"rendered":"<p>Neuigkeiten im Rahmen des Trainingsangebotes der Abteilung Karate im SKV Aktuelle Neuigkeiten Neuigkeiten des Dojo M\u00f6rfelden Gro\u00dfmeister Tomosada Kuda ist zu Besuch in Deutschland: Vom 30.09. &#8211; 18.10.2024 ist unser Gro\u00dfmeister in Deutschland und gibt Training in allen Dojo (Karateverein Landstuhl e.V., Karate-Verein Bischofsheim, Dojo Kaiserslautern sowie in unserem Dojo in M\u00f6rfelden).<\/p>\n","protected":false},"author":1,"featured_media":0,"parent":0,"menu_order":0,"comment_status":"closed","ping_status":"closed","template":"","meta":{"site-sidebar-layout":"default","site-content-layout":"","ast-site-content-layout":"default","site-content-style":"default","site-sidebar-style":"default","ast-global-header-display":"","ast-banner-title-visibility":"","ast-main-header-display":"","ast-hfb-above-header-display":"","ast-hfb-below-header-display":"","ast-hfb-mobile-header-display":"","site-post-title":"","ast-breadcrumbs-content":"","ast-featured-img":"","footer-sml-layout":"","ast-disable-related-posts":"","theme-transparent-header-meta":"","adv-header-id-meta":"","stick-header-meta":"","header-above-stick-meta":"","header-main-stick-meta":"","header-below-stick-meta":"","astra-migrate-meta-layouts":"set","ast-page-background-enabled":"default","ast-page-background-meta":{"desktop":{"background-color":"var(--ast-global-color-4)","background-image":"","background-repeat":"repeat","background-position":"center center","background-size":"auto","background-attachment":"scroll","background-type":"","background-media":"","overlay-type":"","overlay-color":"","overlay-opacity":"","overlay-gradient":""},"tablet":{"background-color":"","background-image":"","background-repeat":"repeat","background-position":"center center","background-size":"auto","background-attachment":"scroll","background-type":"","background-media":"","overlay-type":"","overlay-color":"","overlay-opacity":"","overlay-gradient":""},"mobile":{"background-color":"","background-image":"","background-repeat":"repeat","background-position":"center center","background-size":"auto","background-attachment":"scroll","background-type":"","background-media":"","overlay-type":"","overlay-color":"","overlay-opacity":"","overlay-gradient":""}},"ast-content-background-meta":{"desktop":{"background-color":"var(--ast-global-color-5)","background-image":"","background-repeat":"repeat","background-position":"center center","background-size":"auto","background-attachment":"scroll","background-type":"","background-media":"","overlay-type":"","overlay-color":"","overlay-opacity":"","overlay-gradient":""},"tablet":{"background-color":"var(--ast-global-color-5)","background-image":"","background-repeat":"repeat","background-position":"center center","background-size":"auto","background-attachment":"scroll","background-type":"","background-media":"","overlay-type":"","overlay-color":"","overlay-opacity":"","overlay-gradient":""},"mobile":{"background-color":"var(--ast-global-color-5)","background-image":"","background-repeat":"repeat","background-position":"center center","background-size":"auto","background-attachment":"scroll","background-type":"","background-media":"","overlay-type":"","overlay-color":"","overlay-opacity":"","overlay-gradient":""}},"footnotes":""},"class_list":["post-74","page","type-page","status-publish","hentry"],"yoast_head":"<!-- This site is optimized with the Yoast SEO plugin v27.0 - https:\/\/yoast.com\/product\/yoast-seo-wordpress\/ -->\n<title>Neuigkeiten - Okinawa-Karate-M\u00f6rfelden Deutsch<\/title>\n<meta name=\"robots\" content=\"index, follow, max-snippet:-1, max-image-preview:large, max-video-preview:-1\" \/>\n<link rel=\"canonical\" href=\"https:\/\/okinawa-karate-moerfelden.org\/de\/neuigkeiten\/\" \/>\n<meta property=\"og:locale\" content=\"de_DE\" \/>\n<meta property=\"og:type\" content=\"article\" \/>\n<meta property=\"og:title\" content=\"Neuigkeiten - Okinawa-Karate-M\u00f6rfelden Deutsch\" \/>\n<meta property=\"og:description\" content=\"Neuigkeiten im Rahmen des Trainingsangebotes der Abteilung Karate im SKV Aktuelle Neuigkeiten Neuigkeiten des Dojo M\u00f6rfelden Gro\u00dfmeister Tomosada Kuda ist zu Besuch in Deutschland: Vom 30.09. &#8211; 18.10.2024 ist unser Gro\u00dfmeister in Deutschland und gibt Training in allen Dojo (Karateverein Landstuhl e.V., Karate-Verein Bischofsheim, Dojo Kaiserslautern sowie in unserem Dojo in M\u00f6rfelden).\" \/>\n<meta property=\"og:url\" content=\"https:\/\/okinawa-karate-moerfelden.org\/de\/neuigkeiten\/\" \/>\n<meta property=\"og:site_name\" content=\"Okinawa-Karate-M\u00f6rfelden Deutsch\" \/>\n<meta property=\"article:modified_time\" content=\"2024-12-05T14:59:22+00:00\" \/>\n<meta name=\"twitter:card\" content=\"summary_large_image\" \/>\n<meta name=\"twitter:label1\" content=\"Gesch\u00e4tzte Lesezeit\" \/>\n\t<meta name=\"twitter:data1\" content=\"1\u00a0Minute\" \/>\n<script type=\"application\/ld+json\" class=\"yoast-schema-graph\">{\"@context\":\"https:\/\/schema.org\",\"@graph\":[{\"@type\":\"WebPage\",\"@id\":\"https:\/\/okinawa-karate-moerfelden.org\/de\/neuigkeiten\/\",\"url\":\"https:\/\/okinawa-karate-moerfelden.org\/de\/neuigkeiten\/\",\"name\":\"Neuigkeiten - Okinawa-Karate-M\u00f6rfelden Deutsch\",\"isPartOf\":{\"@id\":\"https:\/\/okinawa-karate-moerfelden.org\/de\/#website\"},\"datePublished\":\"2023-06-15T05:47:01+00:00\",\"dateModified\":\"2024-12-05T14:59:22+00:00\",\"breadcrumb\":{\"@id\":\"https:\/\/okinawa-karate-moerfelden.org\/de\/neuigkeiten\/#breadcrumb\"},\"inLanguage\":\"de\",\"potentialAction\":[{\"@type\":\"ReadAction\",\"target\":[\"https:\/\/okinawa-karate-moerfelden.org\/de\/neuigkeiten\/\"]}]},{\"@type\":\"BreadcrumbList\",\"@id\":\"https:\/\/okinawa-karate-moerfelden.org\/de\/neuigkeiten\/#breadcrumb\",\"itemListElement\":[{\"@type\":\"ListItem\",\"position\":1,\"name\":\"Home\",\"item\":\"https:\/\/okinawa-karate-moerfelden.org\/de\/\"},{\"@type\":\"ListItem\",\"position\":2,\"name\":\"Neuigkeiten\"}]},{\"@type\":\"WebSite\",\"@id\":\"https:\/\/okinawa-karate-moerfelden.org\/de\/#website\",\"url\":\"https:\/\/okinawa-karate-moerfelden.org\/de\/\",\"name\":\"Okinawa-Karate-M\u00f6rfelden Deutsch\",\"description\":\"Shorin Ryu Matsumura Kenpo\",\"publisher\":{\"@id\":\"https:\/\/okinawa-karate-moerfelden.org\/de\/#organization\"},\"potentialAction\":[{\"@type\":\"SearchAction\",\"target\":{\"@type\":\"EntryPoint\",\"urlTemplate\":\"https:\/\/okinawa-karate-moerfelden.org\/de\/?s={search_term_string}\"},\"query-input\":{\"@type\":\"PropertyValueSpecification\",\"valueRequired\":true,\"valueName\":\"search_term_string\"}}],\"inLanguage\":\"de\"},{\"@type\":\"Organization\",\"@id\":\"https:\/\/okinawa-karate-moerfelden.org\/de\/#organization\",\"name\":\"Okinawa-Karate-M\u00f6rfelden Deutsch\",\"url\":\"https:\/\/okinawa-karate-moerfelden.org\/de\/\",\"logo\":{\"@type\":\"ImageObject\",\"inLanguage\":\"de\",\"@id\":\"https:\/\/okinawa-karate-moerfelden.org\/de\/#\/schema\/logo\/image\/\",\"url\":\"https:\/\/okinawa-karate-moerfelden.org\/de\/wp-content\/uploads\/sites\/2\/2023\/06\/logo.png\",\"contentUrl\":\"https:\/\/okinawa-karate-moerfelden.org\/de\/wp-content\/uploads\/sites\/2\/2023\/06\/logo.png\",\"width\":548,\"height\":548,\"caption\":\"Okinawa-Karate-M\u00f6rfelden Deutsch\"},\"image\":{\"@id\":\"https:\/\/okinawa-karate-moerfelden.org\/de\/#\/schema\/logo\/image\/\"}}]}<\/script>\n<!-- \/ Yoast SEO plugin. -->","yoast_head_json":{"title":"Neuigkeiten - Okinawa-Karate-M\u00f6rfelden Deutsch","robots":{"index":"index","follow":"follow","max-snippet":"max-snippet:-1","max-image-preview":"max-image-preview:large","max-video-preview":"max-video-preview:-1"},"canonical":"https:\/\/okinawa-karate-moerfelden.org\/de\/neuigkeiten\/","og_locale":"de_DE","og_type":"article","og_title":"Neuigkeiten - Okinawa-Karate-M\u00f6rfelden Deutsch","og_description":"Neuigkeiten im Rahmen des Trainingsangebotes der Abteilung Karate im SKV Aktuelle Neuigkeiten Neuigkeiten des Dojo M\u00f6rfelden Gro\u00dfmeister Tomosada Kuda ist zu Besuch in Deutschland: Vom 30.09. &#8211; 18.10.2024 ist unser Gro\u00dfmeister in Deutschland und gibt Training in allen Dojo (Karateverein Landstuhl e.V., Karate-Verein Bischofsheim, Dojo Kaiserslautern sowie in unserem Dojo in M\u00f6rfelden).","og_url":"https:\/\/okinawa-karate-moerfelden.org\/de\/neuigkeiten\/","og_site_name":"Okinawa-Karate-M\u00f6rfelden Deutsch","article_modified_time":"2024-12-05T14:59:22+00:00","twitter_card":"summary_large_image","twitter_misc":{"Gesch\u00e4tzte Lesezeit":"1\u00a0Minute"},"schema":{"@context":"https:\/\/schema.org","@graph":[{"@type":"WebPage","@id":"https:\/\/okinawa-karate-moerfelden.org\/de\/neuigkeiten\/","url":"https:\/\/okinawa-karate-moerfelden.org\/de\/neuigkeiten\/","name":"Neuigkeiten - Okinawa-Karate-M\u00f6rfelden Deutsch","isPartOf":{"@id":"https:\/\/okinawa-karate-moerfelden.org\/de\/#website"},"datePublished":"2023-06-15T05:47:01+00:00","dateModified":"2024-12-05T14:59:22+00:00","breadcrumb":{"@id":"https:\/\/okinawa-karate-moerfelden.org\/de\/neuigkeiten\/#breadcrumb"},"inLanguage":"de","potentialAction":[{"@type":"ReadAction","target":["https:\/\/okinawa-karate-moerfelden.org\/de\/neuigkeiten\/"]}]},{"@type":"BreadcrumbList","@id":"https:\/\/okinawa-karate-moerfelden.org\/de\/neuigkeiten\/#breadcrumb","itemListElement":[{"@type":"ListItem","position":1,"name":"Home","item":"https:\/\/okinawa-karate-moerfelden.org\/de\/"},{"@type":"ListItem","position":2,"name":"Neuigkeiten"}]},{"@type":"WebSite","@id":"https:\/\/okinawa-karate-moerfelden.org\/de\/#website","url":"https:\/\/okinawa-karate-moerfelden.org\/de\/","name":"Okinawa-Karate-M\u00f6rfelden Deutsch","description":"Shorin Ryu Matsumura Kenpo","publisher":{"@id":"https:\/\/okinawa-karate-moerfelden.org\/de\/#organization"},"potentialAction":[{"@type":"SearchAction","target":{"@type":"EntryPoint","urlTemplate":"https:\/\/okinawa-karate-moerfelden.org\/de\/?s={search_term_string}"},"query-input":{"@type":"PropertyValueSpecification","valueRequired":true,"valueName":"search_term_string"}}],"inLanguage":"de"},{"@type":"Organization","@id":"https:\/\/okinawa-karate-moerfelden.org\/de\/#organization","name":"Okinawa-Karate-M\u00f6rfelden Deutsch","url":"https:\/\/okinawa-karate-moerfelden.org\/de\/","logo":{"@type":"ImageObject","inLanguage":"de","@id":"https:\/\/okinawa-karate-moerfelden.org\/de\/#\/schema\/logo\/image\/","url":"https:\/\/okinawa-karate-moerfelden.org\/de\/wp-content\/uploads\/sites\/2\/2023\/06\/logo.png","contentUrl":"https:\/\/okinawa-karate-moerfelden.org\/de\/wp-content\/uploads\/sites\/2\/2023\/06\/logo.png","width":548,"height":548,"caption":"Okinawa-Karate-M\u00f6rfelden Deutsch"},"image":{"@id":"https:\/\/okinawa-karate-moerfelden.org\/de\/#\/schema\/logo\/image\/"}}]}},"_links":{"self":[{"href":"https:\/\/okinawa-karate-moerfelden.org\/de\/wp-json\/wp\/v2\/pages\/74","targetHints":{"allow":["GET"]}}],"collection":[{"href":"https:\/\/okinawa-karate-moerfelden.org\/de\/wp-json\/wp\/v2\/pages"}],"about":[{"href":"https:\/\/okinawa-karate-moerfelden.org\/de\/wp-json\/wp\/v2\/types\/page"}],"author":[{"embeddable":true,"href":"https:\/\/okinawa-karate-moerfelden.org\/de\/wp-json\/wp\/v2\/users\/1"}],"replies":[{"embeddable":true,"href":"https:\/\/okinawa-karate-moerfelden.org\/de\/wp-json\/wp\/v2\/comments?post=74"}],"version-history":[{"count":16,"href":"https:\/\/okinawa-karate-moerfelden.org\/de\/wp-json\/wp\/v2\/pages\/74\/revisions"}],"predecessor-version":[{"id":879,"href":"https:\/\/okinawa-karate-moerfelden.org\/de\/wp-json\/wp\/v2\/pages\/74\/revisions\/879"}],"wp:attachment":[{"href":"https:\/\/okinawa-karate-moerfelden.org\/de\/wp-json\/wp\/v2\/media?parent=74"}],"curies":[{"name":"wp","href":"https:\/\/api.w.org\/{rel}","templated":true}]}}