{"id":43,"date":"2023-06-15T07:24:30","date_gmt":"2023-06-15T05:24:30","guid":{"rendered":"https:\/\/okinawa-karate-moerfelden.org\/en\/?page_id=43"},"modified":"2026-02-27T23:34:12","modified_gmt":"2026-02-27T22:34:12","slug":"association","status":"publish","type":"page","link":"https:\/\/okinawa-karate-moerfelden.org\/en\/association\/","title":{"rendered":"World Association"},"content":{"rendered":"\n<p>The structure of our world association the &#8220;All Okinawa Shorin Ryu Matsumura Kenpo Karate and Kobudo Association&#8221; (<span id=\"su_tooltip_69e2056574116_button\" class=\"su-tooltip-button su-tooltip-button-outline-yes\" aria-describedby=\"su_tooltip_69e2056574116\" data-settings='{\"position\":\"top\",\"behavior\":\"hover\",\"hideDelay\":0}' tabindex=\"0\">\u6c96\u7e04 \u5c11\u6797\u6d41 \u677e\u6751\u62f3\u6cd5 \u7a7a\u624b \u53e4\u6b66\u9053 \u7dcf\u672c\u90e8)<sup><strong>\u24d8<\/strong><\/sup><\/span><span style=\"display:none;z-index:100\" id=\"su_tooltip_69e2056574116\" class=\"su-tooltip\" role=\"tooltip\"><span class=\"su-tooltip-inner su-tooltip-shadow-no\" style=\"z-index:100;background:#222222;color:#FFFFFF;font-size:16px;border-radius:5px;text-align:left;max-width:600px;line-height:1.25\"><span class=\"su-tooltip-title\">Kanji: \u6c96\u7e04 \u5c11\u6797\u6d41 \u677e\u6751\u62f3\u6cd5 \u7a7a\u624b \u53e4\u6b66\u9053 \u7dcf\u672c\u90e8 (Hiragana: \u3057\u3087\u3046\u308a\u3093 \u308a\u3085\u3046 \u307e\u3064\u3080\u3089 \u3051\u3093\u307d\u3046 \u304b\u3089\u3066 \u3053\u3076\u3069\u3046 \u305d\u3046\u307b\u3093\u3076, Phonetics: okinawa sh\u014drin ry\u016b matsumura kenp\u014d karate kobud\u014d s\u014d honbu)<\/span><span class=\"su-tooltip-content su-u-trim\">All Okinawa Sh\u014drin Ry\u016b Matsumura Kenp\u014d Karate and Kobud\u014d Association, world association of our style with Tomosada Kuda as president<\/span><\/span><span id=\"su_tooltip_69e2056574116_arrow\" class=\"su-tooltip-arrow\" style=\"z-index:100;background:#222222\" data-popper-arrow><\/span><\/span> is relatively compact and flat. The honbu-dojo (<span id=\"su_tooltip_69e2056574198_button\" class=\"su-tooltip-button su-tooltip-button-outline-yes\" aria-describedby=\"su_tooltip_69e2056574198\" data-settings='{\"position\":\"top\",\"behavior\":\"hover\",\"hideDelay\":0}' tabindex=\"0\">\u672c\u90e8\u9053\u5834)<sup><strong>\u24d8<\/strong><\/sup><\/span><span style=\"display:none;z-index:100\" id=\"su_tooltip_69e2056574198\" class=\"su-tooltip\" role=\"tooltip\"><span class=\"su-tooltip-inner su-tooltip-shadow-no\" style=\"z-index:100;background:#222222;color:#FFFFFF;font-size:16px;border-radius:5px;text-align:left;max-width:600px;line-height:1.25\"><span class=\"su-tooltip-title\">Kanji: \u672c\u90e8\u9053\u5834 (Hiragana: \u307b\u3093\u3076 \u3069\u3046\u3058\u3087\u3046, Phonetics: honbu d\u014dj\u014d)<\/span><span class=\"su-tooltip-content su-u-trim\">headquarter of the martial art style, d\u014dj\u014d = place to train martial arts<\/span><\/span><span id=\"su_tooltip_69e2056574198_arrow\" class=\"su-tooltip-arrow\" style=\"z-index:100;background:#222222\" data-popper-arrow><\/span><\/span> called &#8220;Kobukan&#8221; (<span id=\"su_tooltip_69e2056574204_button\" class=\"su-tooltip-button su-tooltip-button-outline-yes\" aria-describedby=\"su_tooltip_69e2056574204\" data-settings='{\"position\":\"top\",\"behavior\":\"hover\",\"hideDelay\":0}' tabindex=\"0\">\u8208\u6b66\u9928)<sup><strong>\u24d8<\/strong><\/sup><\/span><span style=\"display:none;z-index:100\" id=\"su_tooltip_69e2056574204\" class=\"su-tooltip\" role=\"tooltip\"><span class=\"su-tooltip-inner su-tooltip-shadow-no\" style=\"z-index:100;background:#222222;color:#FFFFFF;font-size:16px;border-radius:5px;text-align:left;max-width:600px;line-height:1.25\"><span class=\"su-tooltip-title\">Kanji: \u8208\u6b66\u9928 (Hiragana: \u3053\u3046\u3076\u304b\u3093, Phonetics: k\u014dbukan)<\/span><span class=\"su-tooltip-content su-u-trim\">hall for interested warriors, d\u014dj\u014d of Tomosada Kuda<\/span><\/span><span id=\"su_tooltip_69e2056574204_arrow\" class=\"su-tooltip-arrow\" style=\"z-index:100;background:#222222\" data-popper-arrow><\/span><\/span> is located on Okinawa in the city of Urazoe (<span id=\"su_tooltip_69e2056574268_button\" class=\"su-tooltip-button su-tooltip-button-outline-yes\" aria-describedby=\"su_tooltip_69e2056574268\" data-settings='{\"position\":\"top\",\"behavior\":\"hover\",\"hideDelay\":0}' tabindex=\"0\">\u6d66\u6dfb\u5e02)<sup><strong>\u24d8<\/strong><\/sup><\/span><span style=\"display:none;z-index:100\" id=\"su_tooltip_69e2056574268\" class=\"su-tooltip\" role=\"tooltip\"><span class=\"su-tooltip-inner su-tooltip-shadow-no\" style=\"z-index:100;background:#222222;color:#FFFFFF;font-size:16px;border-radius:5px;text-align:left;max-width:600px;line-height:1.25\"><span class=\"su-tooltip-title\">Kanji: \u6d66\u6dfb\u5e02 (Hiragana: \u3046\u3089\u305e\u3048\u3057, Phonetics: urazoe shi)<\/span><span class=\"su-tooltip-content su-u-trim\">city on Okinawa, north of Naha<\/span><\/span><span id=\"su_tooltip_69e2056574268_arrow\" class=\"su-tooltip-arrow\" style=\"z-index:100;background:#222222\" data-popper-arrow><\/span><\/span>. Grandmaster Tomosada Kuda is the head of this dojo and also the president of the world association.<\/p>\n\n\n\n<p>Other dojos are spread across Germany as well as the USA. These regions are managed by several directors. In the Europe region, Karl-Heinz Johna and Thomas Leonhard act as European association directors.<\/p>\n\n\n\n<div class=\"wp-block-columns is-layout-flex wp-container-core-columns-is-layout-28f84493 wp-block-columns-is-layout-flex\">\n<div class=\"wp-block-column is-layout-flow wp-block-column-is-layout-flow\">\n<figure class=\"wp-block-image aligncenter size-full\"><img loading=\"lazy\" decoding=\"async\" width=\"365\" height=\"641\" src=\"https:\/\/okinawa-karate-moerfelden.org\/en\/wp-content\/uploads\/sites\/3\/2023\/06\/sensei_thomas_leonhard_bischofsheim.jpg\" alt=\"\" class=\"wp-image-99\" srcset=\"https:\/\/okinawa-karate-moerfelden.org\/en\/wp-content\/uploads\/sites\/3\/2023\/06\/sensei_thomas_leonhard_bischofsheim.jpg 365w, https:\/\/okinawa-karate-moerfelden.org\/en\/wp-content\/uploads\/sites\/3\/2023\/06\/sensei_thomas_leonhard_bischofsheim-171x300.jpg 171w\" sizes=\"auto, (max-width: 365px) 100vw, 365px\" \/><figcaption class=\"wp-element-caption\"><em>Thomas Leonhard 7. Dan, Kyoshi, Shihan, head of the Dojo-Bischofsheim and its main instructor<\/em><\/figcaption><\/figure>\n<\/div>\n\n\n\n<div class=\"wp-block-column is-layout-flow wp-block-column-is-layout-flow\">\n<figure class=\"wp-block-image aligncenter size-full\"><img loading=\"lazy\" decoding=\"async\" width=\"234\" height=\"641\" src=\"https:\/\/okinawa-karate-moerfelden.org\/en\/wp-content\/uploads\/sites\/3\/2023\/06\/sensei_karl_heinz_johna_landstuhl.png\" alt=\"\" class=\"wp-image-98\" srcset=\"https:\/\/okinawa-karate-moerfelden.org\/en\/wp-content\/uploads\/sites\/3\/2023\/06\/sensei_karl_heinz_johna_landstuhl.png 234w, https:\/\/okinawa-karate-moerfelden.org\/en\/wp-content\/uploads\/sites\/3\/2023\/06\/sensei_karl_heinz_johna_landstuhl-110x300.png 110w\" sizes=\"auto, (max-width: 234px) 100vw, 234px\" \/><figcaption class=\"wp-element-caption\"><em>Karl-Heinz Johna 7. Dan, Kyoshi, Shihan, head of the Dojo-Landstuhl and its main instructor<\/em><\/figcaption><\/figure>\n<\/div>\n<\/div>\n\n\n\n<p><\/p>\n\n\n\n<p>The advantage of this simple association structure is, that grandmaster Tomosada Kuda can regularly and personally teach his direct and indirect students at seminars, thus ensuring continuous further training.<br><br>There are currently four dojos in the Europe region, all of which are in Germany:<\/p>\n\n\n\n<p>The karate club <a href=\"https:\/\/www.shorin-ryu-karate.de\/\" target=\"_blank\" rel=\"noreferrer noopener\">Landstuhl e.V.<\/a> under the direction of Karl-Heinz Johna (founded in the 1970s by Peter Koenig and Werner Klein), the karate club <a href=\"https:\/\/karate-bischofsheim.de\/\" target=\"_blank\" rel=\"noreferrer noopener\">Bischofsheim<\/a> (founded in 1998 by Thomas Leonhard) and the in 2018 by <a href=\"https:\/\/okinawa-karate-moerfelden.org\/en\/instructor\/\" target=\"_blank\" rel=\"noreferrer noopener\">Alexandros Kallidis<\/a> (a student of Thomas Leonhard from Bischofsheim) founded dojo <a href=\"https:\/\/okinawa-karate-moerfelden.org\/en\/\" target=\"_blank\" rel=\"noreferrer noopener\">Moerfelden<\/a>. Most recently, a dojo in <a href=\"https:\/\/tv-laubenheim.de\/sportarten\/karate\/\" target=\"_blank\" rel=\"noreferrer noopener\">Mainz<\/a> (at the TV Laubenheim) was founded in 2025 by Eric Leifke, a student of Thomas Leonhard from Bischofsheim.<\/p>\n\n\n\n<figure class=\"wp-block-image aligncenter size-large is-resized\"><a href=\"https:\/\/okinawa-karate-moerfelden.org\/en\/wp-content\/uploads\/sites\/3\/2026\/02\/Germany_Dojos_new_new.png\"><img loading=\"lazy\" decoding=\"async\" width=\"767\" height=\"1024\" src=\"https:\/\/okinawa-karate-moerfelden.org\/en\/wp-content\/uploads\/sites\/3\/2026\/02\/Germany_Dojos_new_new-767x1024.png\" alt=\"\" class=\"wp-image-615\" style=\"width:479px;height:639px\" srcset=\"https:\/\/okinawa-karate-moerfelden.org\/en\/wp-content\/uploads\/sites\/3\/2026\/02\/Germany_Dojos_new_new-767x1024.png 767w, https:\/\/okinawa-karate-moerfelden.org\/en\/wp-content\/uploads\/sites\/3\/2026\/02\/Germany_Dojos_new_new-225x300.png 225w, https:\/\/okinawa-karate-moerfelden.org\/en\/wp-content\/uploads\/sites\/3\/2026\/02\/Germany_Dojos_new_new-768x1026.png 768w, https:\/\/okinawa-karate-moerfelden.org\/en\/wp-content\/uploads\/sites\/3\/2026\/02\/Germany_Dojos_new_new-1150x1536.png 1150w, https:\/\/okinawa-karate-moerfelden.org\/en\/wp-content\/uploads\/sites\/3\/2026\/02\/Germany_Dojos_new_new.png 1290w\" sizes=\"auto, (max-width: 767px) 100vw, 767px\" \/><\/a><figcaption class=\"wp-element-caption\">Matsumura Kenpo Dojos in Germany: Landstuhl, Bischofsheim, Moerfelden, Laubenheim<\/figcaption><\/figure>\n","protected":false},"excerpt":{"rendered":"<p>The structure of our world association the &#8220;All Okinawa Shorin Ryu Matsumura Kenpo Karate and Kobudo Association&#8221; ( is relatively compact and flat. The honbu-dojo ( called &#8220;Kobukan&#8221; ( is located on Okinawa in the city of Urazoe (. Grandmaster Tomosada Kuda is the head of this dojo and also the president of the world [&hellip;]<\/p>\n","protected":false},"author":1,"featured_media":0,"parent":0,"menu_order":0,"comment_status":"closed","ping_status":"closed","template":"","meta":{"site-sidebar-layout":"default","site-content-layout":"","ast-site-content-layout":"default","site-content-style":"default","site-sidebar-style":"default","ast-global-header-display":"","ast-banner-title-visibility":"","ast-main-header-display":"","ast-hfb-above-header-display":"","ast-hfb-below-header-display":"","ast-hfb-mobile-header-display":"","site-post-title":"","ast-breadcrumbs-content":"","ast-featured-img":"","footer-sml-layout":"","ast-disable-related-posts":"","theme-transparent-header-meta":"","adv-header-id-meta":"","stick-header-meta":"","header-above-stick-meta":"","header-main-stick-meta":"","header-below-stick-meta":"","astra-migrate-meta-layouts":"set","ast-page-background-enabled":"default","ast-page-background-meta":{"desktop":{"background-color":"var(--ast-global-color-4)","background-image":"","background-repeat":"repeat","background-position":"center center","background-size":"auto","background-attachment":"scroll","background-type":"","background-media":"","overlay-type":"","overlay-color":"","overlay-opacity":"","overlay-gradient":""},"tablet":{"background-color":"","background-image":"","background-repeat":"repeat","background-position":"center center","background-size":"auto","background-attachment":"scroll","background-type":"","background-media":"","overlay-type":"","overlay-color":"","overlay-opacity":"","overlay-gradient":""},"mobile":{"background-color":"","background-image":"","background-repeat":"repeat","background-position":"center center","background-size":"auto","background-attachment":"scroll","background-type":"","background-media":"","overlay-type":"","overlay-color":"","overlay-opacity":"","overlay-gradient":""}},"ast-content-background-meta":{"desktop":{"background-color":"var(--ast-global-color-5)","background-image":"","background-repeat":"repeat","background-position":"center center","background-size":"auto","background-attachment":"scroll","background-type":"","background-media":"","overlay-type":"","overlay-color":"","overlay-opacity":"","overlay-gradient":""},"tablet":{"background-color":"var(--ast-global-color-5)","background-image":"","background-repeat":"repeat","background-position":"center center","background-size":"auto","background-attachment":"scroll","background-type":"","background-media":"","overlay-type":"","overlay-color":"","overlay-opacity":"","overlay-gradient":""},"mobile":{"background-color":"var(--ast-global-color-5)","background-image":"","background-repeat":"repeat","background-position":"center center","background-size":"auto","background-attachment":"scroll","background-type":"","background-media":"","overlay-type":"","overlay-color":"","overlay-opacity":"","overlay-gradient":""}},"footnotes":""},"class_list":["post-43","page","type-page","status-publish","hentry"],"yoast_head":"<!-- This site is optimized with the Yoast SEO plugin v27.0 - https:\/\/yoast.com\/product\/yoast-seo-wordpress\/ -->\n<title>World Association - Okinawa Karate Moerfelden English<\/title>\n<meta name=\"robots\" content=\"index, follow, max-snippet:-1, max-image-preview:large, max-video-preview:-1\" \/>\n<link rel=\"canonical\" href=\"https:\/\/okinawa-karate-moerfelden.org\/en\/association\/\" \/>\n<meta property=\"og:locale\" content=\"en_US\" \/>\n<meta property=\"og:type\" content=\"article\" \/>\n<meta property=\"og:title\" content=\"World Association - Okinawa Karate Moerfelden English\" \/>\n<meta property=\"og:description\" content=\"The structure of our world association the &#8220;All Okinawa Shorin Ryu Matsumura Kenpo Karate and Kobudo Association&#8221; ( is relatively compact and flat. The honbu-dojo ( called &#8220;Kobukan&#8221; ( is located on Okinawa in the city of Urazoe (. Grandmaster Tomosada Kuda is the head of this dojo and also the president of the world [&hellip;]\" \/>\n<meta property=\"og:url\" content=\"https:\/\/okinawa-karate-moerfelden.org\/en\/association\/\" \/>\n<meta property=\"og:site_name\" content=\"Okinawa Karate Moerfelden English\" \/>\n<meta property=\"article:modified_time\" content=\"2026-02-27T22:34:12+00:00\" \/>\n<meta property=\"og:image\" content=\"https:\/\/okinawa-karate-moerfelden.org\/en\/wp-content\/uploads\/sites\/3\/2023\/06\/sensei_thomas_leonhard_bischofsheim.jpg\" \/>\n\t<meta property=\"og:image:width\" content=\"365\" \/>\n\t<meta property=\"og:image:height\" content=\"641\" \/>\n\t<meta property=\"og:image:type\" content=\"image\/jpeg\" \/>\n<meta name=\"twitter:card\" content=\"summary_large_image\" \/>\n<meta name=\"twitter:label1\" content=\"Est. reading time\" \/>\n\t<meta name=\"twitter:data1\" content=\"3 minutes\" \/>\n<script type=\"application\/ld+json\" class=\"yoast-schema-graph\">{\"@context\":\"https:\/\/schema.org\",\"@graph\":[{\"@type\":\"WebPage\",\"@id\":\"https:\/\/okinawa-karate-moerfelden.org\/en\/association\/\",\"url\":\"https:\/\/okinawa-karate-moerfelden.org\/en\/association\/\",\"name\":\"World Association - Okinawa Karate Moerfelden English\",\"isPartOf\":{\"@id\":\"https:\/\/okinawa-karate-moerfelden.org\/en\/#website\"},\"primaryImageOfPage\":{\"@id\":\"https:\/\/okinawa-karate-moerfelden.org\/en\/association\/#primaryimage\"},\"image\":{\"@id\":\"https:\/\/okinawa-karate-moerfelden.org\/en\/association\/#primaryimage\"},\"thumbnailUrl\":\"https:\/\/okinawa-karate-moerfelden.org\/en\/wp-content\/uploads\/sites\/3\/2023\/06\/sensei_thomas_leonhard_bischofsheim.jpg\",\"datePublished\":\"2023-06-15T05:24:30+00:00\",\"dateModified\":\"2026-02-27T22:34:12+00:00\",\"breadcrumb\":{\"@id\":\"https:\/\/okinawa-karate-moerfelden.org\/en\/association\/#breadcrumb\"},\"inLanguage\":\"en-US\",\"potentialAction\":[{\"@type\":\"ReadAction\",\"target\":[\"https:\/\/okinawa-karate-moerfelden.org\/en\/association\/\"]}]},{\"@type\":\"ImageObject\",\"inLanguage\":\"en-US\",\"@id\":\"https:\/\/okinawa-karate-moerfelden.org\/en\/association\/#primaryimage\",\"url\":\"https:\/\/okinawa-karate-moerfelden.org\/en\/wp-content\/uploads\/sites\/3\/2023\/06\/sensei_thomas_leonhard_bischofsheim.jpg\",\"contentUrl\":\"https:\/\/okinawa-karate-moerfelden.org\/en\/wp-content\/uploads\/sites\/3\/2023\/06\/sensei_thomas_leonhard_bischofsheim.jpg\",\"width\":365,\"height\":641,\"caption\":\"Thomas Leonhard 7. Dan, Kyoshi, Shihan, head of the Dojo-Bischofsheim and its main instructor\"},{\"@type\":\"BreadcrumbList\",\"@id\":\"https:\/\/okinawa-karate-moerfelden.org\/en\/association\/#breadcrumb\",\"itemListElement\":[{\"@type\":\"ListItem\",\"position\":1,\"name\":\"Home\",\"item\":\"https:\/\/okinawa-karate-moerfelden.org\/en\/\"},{\"@type\":\"ListItem\",\"position\":2,\"name\":\"World Association\"}]},{\"@type\":\"WebSite\",\"@id\":\"https:\/\/okinawa-karate-moerfelden.org\/en\/#website\",\"url\":\"https:\/\/okinawa-karate-moerfelden.org\/en\/\",\"name\":\"Okinawa Karate Moerfelden English\",\"description\":\"Shorin Ryu Matsumura Kenpo\",\"publisher\":{\"@id\":\"https:\/\/okinawa-karate-moerfelden.org\/en\/#organization\"},\"potentialAction\":[{\"@type\":\"SearchAction\",\"target\":{\"@type\":\"EntryPoint\",\"urlTemplate\":\"https:\/\/okinawa-karate-moerfelden.org\/en\/?s={search_term_string}\"},\"query-input\":{\"@type\":\"PropertyValueSpecification\",\"valueRequired\":true,\"valueName\":\"search_term_string\"}}],\"inLanguage\":\"en-US\"},{\"@type\":\"Organization\",\"@id\":\"https:\/\/okinawa-karate-moerfelden.org\/en\/#organization\",\"name\":\"Okinawa Karate Moerfelden English\",\"url\":\"https:\/\/okinawa-karate-moerfelden.org\/en\/\",\"logo\":{\"@type\":\"ImageObject\",\"inLanguage\":\"en-US\",\"@id\":\"https:\/\/okinawa-karate-moerfelden.org\/en\/#\/schema\/logo\/image\/\",\"url\":\"https:\/\/okinawa-karate-moerfelden.org\/en\/wp-content\/uploads\/sites\/3\/2023\/06\/logo.png\",\"contentUrl\":\"https:\/\/okinawa-karate-moerfelden.org\/en\/wp-content\/uploads\/sites\/3\/2023\/06\/logo.png\",\"width\":548,\"height\":548,\"caption\":\"Okinawa Karate Moerfelden English\"},\"image\":{\"@id\":\"https:\/\/okinawa-karate-moerfelden.org\/en\/#\/schema\/logo\/image\/\"}}]}<\/script>\n<!-- \/ Yoast SEO plugin. -->","yoast_head_json":{"title":"World Association - Okinawa Karate Moerfelden English","robots":{"index":"index","follow":"follow","max-snippet":"max-snippet:-1","max-image-preview":"max-image-preview:large","max-video-preview":"max-video-preview:-1"},"canonical":"https:\/\/okinawa-karate-moerfelden.org\/en\/association\/","og_locale":"en_US","og_type":"article","og_title":"World Association - Okinawa Karate Moerfelden English","og_description":"The structure of our world association the &#8220;All Okinawa Shorin Ryu Matsumura Kenpo Karate and Kobudo Association&#8221; ( is relatively compact and flat. The honbu-dojo ( called &#8220;Kobukan&#8221; ( is located on Okinawa in the city of Urazoe (. Grandmaster Tomosada Kuda is the head of this dojo and also the president of the world [&hellip;]","og_url":"https:\/\/okinawa-karate-moerfelden.org\/en\/association\/","og_site_name":"Okinawa Karate Moerfelden English","article_modified_time":"2026-02-27T22:34:12+00:00","og_image":[{"width":365,"height":641,"url":"https:\/\/okinawa-karate-moerfelden.org\/en\/wp-content\/uploads\/sites\/3\/2023\/06\/sensei_thomas_leonhard_bischofsheim.jpg","type":"image\/jpeg"}],"twitter_card":"summary_large_image","twitter_misc":{"Est. reading time":"3 minutes"},"schema":{"@context":"https:\/\/schema.org","@graph":[{"@type":"WebPage","@id":"https:\/\/okinawa-karate-moerfelden.org\/en\/association\/","url":"https:\/\/okinawa-karate-moerfelden.org\/en\/association\/","name":"World Association - Okinawa Karate Moerfelden English","isPartOf":{"@id":"https:\/\/okinawa-karate-moerfelden.org\/en\/#website"},"primaryImageOfPage":{"@id":"https:\/\/okinawa-karate-moerfelden.org\/en\/association\/#primaryimage"},"image":{"@id":"https:\/\/okinawa-karate-moerfelden.org\/en\/association\/#primaryimage"},"thumbnailUrl":"https:\/\/okinawa-karate-moerfelden.org\/en\/wp-content\/uploads\/sites\/3\/2023\/06\/sensei_thomas_leonhard_bischofsheim.jpg","datePublished":"2023-06-15T05:24:30+00:00","dateModified":"2026-02-27T22:34:12+00:00","breadcrumb":{"@id":"https:\/\/okinawa-karate-moerfelden.org\/en\/association\/#breadcrumb"},"inLanguage":"en-US","potentialAction":[{"@type":"ReadAction","target":["https:\/\/okinawa-karate-moerfelden.org\/en\/association\/"]}]},{"@type":"ImageObject","inLanguage":"en-US","@id":"https:\/\/okinawa-karate-moerfelden.org\/en\/association\/#primaryimage","url":"https:\/\/okinawa-karate-moerfelden.org\/en\/wp-content\/uploads\/sites\/3\/2023\/06\/sensei_thomas_leonhard_bischofsheim.jpg","contentUrl":"https:\/\/okinawa-karate-moerfelden.org\/en\/wp-content\/uploads\/sites\/3\/2023\/06\/sensei_thomas_leonhard_bischofsheim.jpg","width":365,"height":641,"caption":"Thomas Leonhard 7. Dan, Kyoshi, Shihan, head of the Dojo-Bischofsheim and its main instructor"},{"@type":"BreadcrumbList","@id":"https:\/\/okinawa-karate-moerfelden.org\/en\/association\/#breadcrumb","itemListElement":[{"@type":"ListItem","position":1,"name":"Home","item":"https:\/\/okinawa-karate-moerfelden.org\/en\/"},{"@type":"ListItem","position":2,"name":"World Association"}]},{"@type":"WebSite","@id":"https:\/\/okinawa-karate-moerfelden.org\/en\/#website","url":"https:\/\/okinawa-karate-moerfelden.org\/en\/","name":"Okinawa Karate Moerfelden English","description":"Shorin Ryu Matsumura Kenpo","publisher":{"@id":"https:\/\/okinawa-karate-moerfelden.org\/en\/#organization"},"potentialAction":[{"@type":"SearchAction","target":{"@type":"EntryPoint","urlTemplate":"https:\/\/okinawa-karate-moerfelden.org\/en\/?s={search_term_string}"},"query-input":{"@type":"PropertyValueSpecification","valueRequired":true,"valueName":"search_term_string"}}],"inLanguage":"en-US"},{"@type":"Organization","@id":"https:\/\/okinawa-karate-moerfelden.org\/en\/#organization","name":"Okinawa Karate Moerfelden English","url":"https:\/\/okinawa-karate-moerfelden.org\/en\/","logo":{"@type":"ImageObject","inLanguage":"en-US","@id":"https:\/\/okinawa-karate-moerfelden.org\/en\/#\/schema\/logo\/image\/","url":"https:\/\/okinawa-karate-moerfelden.org\/en\/wp-content\/uploads\/sites\/3\/2023\/06\/logo.png","contentUrl":"https:\/\/okinawa-karate-moerfelden.org\/en\/wp-content\/uploads\/sites\/3\/2023\/06\/logo.png","width":548,"height":548,"caption":"Okinawa Karate Moerfelden English"},"image":{"@id":"https:\/\/okinawa-karate-moerfelden.org\/en\/#\/schema\/logo\/image\/"}}]}},"_links":{"self":[{"href":"https:\/\/okinawa-karate-moerfelden.org\/en\/wp-json\/wp\/v2\/pages\/43","targetHints":{"allow":["GET"]}}],"collection":[{"href":"https:\/\/okinawa-karate-moerfelden.org\/en\/wp-json\/wp\/v2\/pages"}],"about":[{"href":"https:\/\/okinawa-karate-moerfelden.org\/en\/wp-json\/wp\/v2\/types\/page"}],"author":[{"embeddable":true,"href":"https:\/\/okinawa-karate-moerfelden.org\/en\/wp-json\/wp\/v2\/users\/1"}],"replies":[{"embeddable":true,"href":"https:\/\/okinawa-karate-moerfelden.org\/en\/wp-json\/wp\/v2\/comments?post=43"}],"version-history":[{"count":22,"href":"https:\/\/okinawa-karate-moerfelden.org\/en\/wp-json\/wp\/v2\/pages\/43\/revisions"}],"predecessor-version":[{"id":617,"href":"https:\/\/okinawa-karate-moerfelden.org\/en\/wp-json\/wp\/v2\/pages\/43\/revisions\/617"}],"wp:attachment":[{"href":"https:\/\/okinawa-karate-moerfelden.org\/en\/wp-json\/wp\/v2\/media?parent=43"}],"curies":[{"name":"wp","href":"https:\/\/api.w.org\/{rel}","templated":true}]}}